{"id":2042,"date":"2023-03-13T08:07:31","date_gmt":"2023-03-13T14:07:31","guid":{"rendered":"https:\/\/psicologaelfridacaceres.com\/?page_id=2042"},"modified":"2023-03-14T17:04:37","modified_gmt":"2023-03-14T23:04:37","slug":"fortalezca-el-autoestima-de-sus-hijos-i","status":"publish","type":"page","link":"https:\/\/psicologaelfridacaceres.com\/index.php\/fortalezca-el-autoestima-de-sus-hijos-i\/","title":{"rendered":"Fortalezca el autoestima de sus hijos (I)"},"content":{"rendered":"\t\t<div data-elementor-type=\"wp-page\" data-elementor-id=\"2042\" class=\"elementor elementor-2042\">\n\t\t\t\t\t\t<section class=\"elementor-section elementor-top-section elementor-element elementor-element-7da3c3ad elementor-section-height-min-height elementor-section-items-bottom elementor-section-boxed elementor-section-height-default\" data-id=\"7da3c3ad\" data-element_type=\"section\" data-settings=\"{&quot;background_background&quot;:&quot;classic&quot;}\">\n\t\t\t\t\t\t\t<div class=\"elementor-background-overlay\"><\/div>\n\t\t\t\t\t\t\t<div class=\"elementor-container elementor-column-gap-default\">\n\t\t\t\t\t<div class=\"elementor-column elementor-col-100 elementor-top-column elementor-element elementor-element-1e86e715\" data-id=\"1e86e715\" data-element_type=\"column\">\n\t\t\t<div class=\"elementor-widget-wrap elementor-element-populated\">\n\t\t\t\t\t\t<div class=\"elementor-element elementor-element-4ea9ffa elementor-widget elementor-widget-heading\" data-id=\"4ea9ffa\" data-element_type=\"widget\" data-widget_type=\"heading.default\">\n\t\t\t\t<div class=\"elementor-widget-container\">\n\t\t\t\t\t<h2 class=\"elementor-heading-title elementor-size-default\"><span style=\"font-weight: 400\">Fortalezca el autoestima de sus hijos (I)<\/span><\/h2>\t\t\t\t<\/div>\n\t\t\t\t<\/div>\n\t\t\t\t<div class=\"elementor-element elementor-element-45179c72 elementor-widget elementor-widget-text-editor\" data-id=\"45179c72\" data-element_type=\"widget\" data-widget_type=\"text-editor.default\">\n\t\t\t\t<div class=\"elementor-widget-container\">\n\t\t\t\t\t\t\t\t\t<p>Julio 24, 2000| El Diario de Hoy | p. 99<\/p>\t\t\t\t\t\t\t\t<\/div>\n\t\t\t\t<\/div>\n\t\t\t\t\t<\/div>\n\t\t<\/div>\n\t\t\t\t\t<\/div>\n\t\t<\/section>\n\t\t\t\t<section class=\"elementor-section elementor-top-section elementor-element elementor-element-632e92dd elementor-section-boxed elementor-section-height-default elementor-section-height-default\" data-id=\"632e92dd\" data-element_type=\"section\">\n\t\t\t\t\t\t<div class=\"elementor-container elementor-column-gap-default\">\n\t\t\t\t\t<div class=\"elementor-column elementor-col-100 elementor-top-column elementor-element elementor-element-68845f6f\" data-id=\"68845f6f\" data-element_type=\"column\">\n\t\t\t<div class=\"elementor-widget-wrap elementor-element-populated\">\n\t\t\t\t\t\t<div class=\"elementor-element elementor-element-6cc0eb1c elementor-drop-cap-yes elementor-drop-cap-view-default elementor-widget elementor-widget-text-editor\" data-id=\"6cc0eb1c\" data-element_type=\"widget\" data-settings=\"{&quot;drop_cap&quot;:&quot;yes&quot;}\" data-widget_type=\"text-editor.default\">\n\t\t\t\t<div class=\"elementor-widget-container\">\n\t\t\t\t\t\t\t\t\t<p class=\"p1\">Son muchas las definiciones que existen sobre lo que es la autoestima, en t\u00e9rminos espec\u00edficos puede definirse como \u201dEl amor propio que cada ser humano tiene hacia \u00e9l mismo, este sentimiento, le permite desenvolverse con seguridad, soltura y efectividad. En ese sentido los padres pueden estimular a sus hijos de la siguiente manera, para sentar las bases de la adecuada autoestima.<\/p>\n<p class=\"p1\">a) Etapa de gestaci\u00f3n:<\/p>\n<p class=\"p1\">Durante este momento de la vida, ambos padres pueden palpar el vientre de la madre con suaves frotaciones mientras balizan lo que sienten por \u00e9l o por ella, lo necesario que es para sus vidas y la emoci\u00f3n que les embarga por su pronta llegada; en un momento del d\u00eda, la madre debe sostener \u201cencuentros imaginarios de amor\u201d, lo anterior significa que ella visualiza en su mente luces de colores como el azul, amarillo, violeta, rojo o verde, asociado con los tonos de los sentimientos como La Paz, el amor, espiritualidad, energ\u00eda y actividad, dichos colores son enviados a su hijo o hija dese\u00e1ndole los significados anteriormente explicados. Se sugiere adem\u00e1s que la madre se esfuerce por modificar los pensamientos generadores de angustia, como por ejemplo: Que su ni\u00f1o(a) nazca con alguna deformidad o padeciendo alguna enfermedad, por aquellas ideas pr\u00e1cticas y positivas a la hora del alumbramiento (nacimiento) y posterior desarrollo.<span class=\"Apple-converted-space\">\u00a0<\/span><\/p>\n<p class=\"p1\">B) Primeros meses a cinco a\u00f1os:<span class=\"Apple-converted-space\">\u00a0<\/span><\/p>\n<p class=\"p1\">Los padres a trav\u00e9s del juego, deben acompa\u00f1ar a su hijo el descubrimiento del mundo. Conviene evitar actitudes polarizadas de sobreprotecci\u00f3n o de castigo. Es saludable, animar a los ni\u00f1os para que realicen una fuente de cantidad de actividades por ellos mismos, asegur\u00e1ndoles que son capaces de hacerlo, felicit\u00e1ndolos por los logros conseguidos. Por otra parte se recomienda que padres e hijos cuenten con instantes en el d\u00eda para dar espacio a la expresi\u00f3n de ternura.<\/p>\t\t\t\t\t\t\t\t<\/div>\n\t\t\t\t<\/div>\n\t\t\t\t\t<\/div>\n\t\t<\/div>\n\t\t\t\t\t<\/div>\n\t\t<\/section>\n\t\t\t\t<section class=\"elementor-section elementor-top-section elementor-element elementor-element-318c8c53 elementor-section-boxed elementor-section-height-default elementor-section-height-default\" data-id=\"318c8c53\" data-element_type=\"section\">\n\t\t\t\t\t\t<div class=\"elementor-container elementor-column-gap-default\">\n\t\t\t\t\t<div class=\"elementor-column elementor-col-100 elementor-top-column elementor-element elementor-element-603972d5\" data-id=\"603972d5\" data-element_type=\"column\">\n\t\t\t<div class=\"elementor-widget-wrap elementor-element-populated\">\n\t\t\t\t\t\t<div class=\"elementor-element elementor-element-1b16fa52 elementor-align-right elementor-widget elementor-widget-button\" data-id=\"1b16fa52\" data-element_type=\"widget\" data-widget_type=\"button.default\">\n\t\t\t\t<div class=\"elementor-widget-container\">\n\t\t\t\t\t\t\t\t\t<div class=\"elementor-button-wrapper\">\n\t\t\t\t\t<a class=\"elementor-button elementor-button-link elementor-size-sm elementor-animation-grow\" href=\"https:\/\/psicologaelfridacaceres.com\/index.php\/fortalezca-el-autoestima-de-sus-hijos-i\/\">\n\t\t\t\t\t\t<span class=\"elementor-button-content-wrapper\">\n\t\t\t\t\t\t<span class=\"elementor-button-icon\">\n\t\t\t\t<i aria-hidden=\"true\" class=\"far fa-arrow-alt-circle-right\"><\/i>\t\t\t<\/span>\n\t\t\t\t\t\t\t\t\t<span class=\"elementor-button-text\">Siguiente articulo<\/span>\n\t\t\t\t\t<\/span>\n\t\t\t\t\t<\/a>\n\t\t\t\t<\/div>\n\t\t\t\t\t\t\t\t<\/div>\n\t\t\t\t<\/div>\n\t\t\t\t<div class=\"elementor-element elementor-element-7b152d91 elementor-widget elementor-widget-spacer\" data-id=\"7b152d91\" data-element_type=\"widget\" data-widget_type=\"spacer.default\">\n\t\t\t\t<div class=\"elementor-widget-container\">\n\t\t\t\t\t\t\t<div class=\"elementor-spacer\">\n\t\t\t<div class=\"elementor-spacer-inner\"><\/div>\n\t\t<\/div>\n\t\t\t\t\t\t<\/div>\n\t\t\t\t<\/div>\n\t\t\t\t\t<\/div>\n\t\t<\/div>\n\t\t\t\t\t<\/div>\n\t\t<\/section>\n\t\t\t\t<section class=\"elementor-section elementor-top-section elementor-element elementor-element-6a55b367 elementor-section-boxed elementor-section-height-default elementor-section-height-default\" data-id=\"6a55b367\" data-element_type=\"section\" data-settings=\"{&quot;background_background&quot;:&quot;classic&quot;}\">\n\t\t\t\t\t\t\t<div class=\"elementor-background-overlay\"><\/div>\n\t\t\t\t\t\t\t<div class=\"elementor-container elementor-column-gap-default\">\n\t\t\t\t\t<div class=\"elementor-column elementor-col-33 elementor-top-column elementor-element elementor-element-a26ae61\" data-id=\"a26ae61\" data-element_type=\"column\">\n\t\t\t<div class=\"elementor-widget-wrap elementor-element-populated\">\n\t\t\t\t\t\t<div class=\"elementor-element elementor-element-44c7845d elementor-widget elementor-widget-counter\" data-id=\"44c7845d\" data-element_type=\"widget\" data-widget_type=\"counter.default\">\n\t\t\t\t<div class=\"elementor-widget-container\">\n\t\t\t\t\t\t\t<div class=\"elementor-counter\">\n\t\t\t<div class=\"elementor-counter-title\">A\u00f1os de experiencia<\/div>\t\t\t<div class=\"elementor-counter-number-wrapper\">\n\t\t\t\t<span class=\"elementor-counter-number-prefix\"><\/span>\n\t\t\t\t<span class=\"elementor-counter-number\" data-duration=\"3000\" data-to-value=\"30\" data-from-value=\"0\" data-delimiter=\",\">0<\/span>\n\t\t\t\t<span class=\"elementor-counter-number-suffix\">+<\/span>\n\t\t\t<\/div>\n\t\t<\/div>\n\t\t\t\t\t\t<\/div>\n\t\t\t\t<\/div>\n\t\t\t\t\t<\/div>\n\t\t<\/div>\n\t\t\t\t<div class=\"elementor-column elementor-col-33 elementor-top-column elementor-element elementor-element-38b01816\" data-id=\"38b01816\" data-element_type=\"column\">\n\t\t\t<div class=\"elementor-widget-wrap elementor-element-populated\">\n\t\t\t\t\t\t<div class=\"elementor-element elementor-element-12a205d0 elementor-widget elementor-widget-counter\" data-id=\"12a205d0\" data-element_type=\"widget\" data-widget_type=\"counter.default\">\n\t\t\t\t<div class=\"elementor-widget-container\">\n\t\t\t\t\t\t\t<div class=\"elementor-counter\">\n\t\t\t<div class=\"elementor-counter-title\">Pacientes de alta<\/div>\t\t\t<div class=\"elementor-counter-number-wrapper\">\n\t\t\t\t<span class=\"elementor-counter-number-prefix\"><\/span>\n\t\t\t\t<span class=\"elementor-counter-number\" data-duration=\"2000\" data-to-value=\"1000\" data-from-value=\"0\" data-delimiter=\",\">0<\/span>\n\t\t\t\t<span class=\"elementor-counter-number-suffix\">+<\/span>\n\t\t\t<\/div>\n\t\t<\/div>\n\t\t\t\t\t\t<\/div>\n\t\t\t\t<\/div>\n\t\t\t\t\t<\/div>\n\t\t<\/div>\n\t\t\t\t<div class=\"elementor-column elementor-col-33 elementor-top-column elementor-element elementor-element-46cae017\" data-id=\"46cae017\" data-element_type=\"column\">\n\t\t\t<div class=\"elementor-widget-wrap elementor-element-populated\">\n\t\t\t\t\t\t<div class=\"elementor-element elementor-element-6c321134 elementor-widget elementor-widget-heading\" data-id=\"6c321134\" data-element_type=\"widget\" data-widget_type=\"heading.default\">\n\t\t\t\t<div class=\"elementor-widget-container\">\n\t\t\t\t\t<h2 class=\"elementor-heading-title elementor-size-default\">Agenda tu cita<\/h2>\t\t\t\t<\/div>\n\t\t\t\t<\/div>\n\t\t\t\t<div class=\"elementor-element elementor-element-19aad1c elementor-widget elementor-widget-text-editor\" data-id=\"19aad1c\" data-element_type=\"widget\" data-widget_type=\"text-editor.default\">\n\t\t\t\t<div class=\"elementor-widget-container\">\n\t\t\t\t\t\t\t\t\t<p>Puedes agendar tu consulta en l\u00ednea. Un correo de confirmaci\u00f3n ser\u00e1 enviado a tu email registrado\u00a0<\/p>\t\t\t\t\t\t\t\t<\/div>\n\t\t\t\t<\/div>\n\t\t\t\t<div class=\"elementor-element elementor-element-11a252e9 elementor-mobile-align-justify elementor-align-center elementor-widget elementor-widget-button\" data-id=\"11a252e9\" data-element_type=\"widget\" data-widget_type=\"button.default\">\n\t\t\t\t<div class=\"elementor-widget-container\">\n\t\t\t\t\t\t\t\t\t<div class=\"elementor-button-wrapper\">\n\t\t\t\t\t<a class=\"elementor-button elementor-button-link elementor-size-sm\" href=\"#\">\n\t\t\t\t\t\t<span class=\"elementor-button-content-wrapper\">\n\t\t\t\t\t\t\t\t\t<span class=\"elementor-button-text\">Haz tu cita<\/span>\n\t\t\t\t\t<\/span>\n\t\t\t\t\t<\/a>\n\t\t\t\t<\/div>\n\t\t\t\t\t\t\t\t<\/div>\n\t\t\t\t<\/div>\n\t\t\t\t\t<\/div>\n\t\t<\/div>\n\t\t\t\t\t<\/div>\n\t\t<\/section>\n\t\t\t\t<\/div>\n\t\t","protected":false},"excerpt":{"rendered":"<p>Fortalezca el autoestima de sus hijos (I) Julio 24, 2000| El Diario de Hoy | p. 99 Son muchas las definiciones que existen sobre lo que es la autoestima, en t\u00e9rminos espec\u00edficos puede definirse como \u201dEl amor propio que cada ser humano tiene hacia \u00e9l mismo, este sentimiento, le permite desenvolverse con seguridad, soltura y&#8230;<\/p>\n","protected":false},"author":1,"featured_media":0,"parent":0,"menu_order":0,"comment_status":"closed","ping_status":"closed","template":"elementor_header_footer","meta":{"_kadence_starter_templates_imported_post":false,"_kad_post_transparent":"","_kad_post_title":"","_kad_post_layout":"","_kad_post_sidebar_id":"","_kad_post_content_style":"","_kad_post_vertical_padding":"","_kad_post_feature":"","_kad_post_feature_position":"","_kad_post_header":false,"_kad_post_footer":false,"_joinchat":[],"footnotes":""},"class_list":["post-2042","page","type-page","status-publish","hentry"],"yoast_head":"<!-- This site is optimized with the Yoast SEO plugin v25.3 - https:\/\/yoast.com\/wordpress\/plugins\/seo\/ -->\n<title>Fortalezca el autoestima de sus hijos (I) - Psic\u00f3loga Elfrida C\u00e1ceres<\/title>\n<meta name=\"description\" content=\"Para fortalecer el autoestima de sus hijos puede comenzar desde la etapa de la gestaci\u00f3n y continuar en los primeros a\u00f1os de su vida\" \/>\n<meta name=\"robots\" content=\"index, follow, max-snippet:-1, max-image-preview:large, max-video-preview:-1\" \/>\n<link rel=\"canonical\" href=\"https:\/\/psicologaelfridacaceres.com\/index.php\/fortalezca-el-autoestima-de-sus-hijos-i\/\" \/>\n<meta property=\"og:locale\" content=\"es_ES\" \/>\n<meta property=\"og:type\" content=\"article\" \/>\n<meta property=\"og:title\" content=\"Fortalezca el autoestima de sus hijos (I) - Psic\u00f3loga Elfrida C\u00e1ceres\" \/>\n<meta property=\"og:description\" content=\"Para fortalecer el autoestima de sus hijos puede comenzar desde la etapa de la gestaci\u00f3n y continuar en los primeros a\u00f1os de su vida\" \/>\n<meta property=\"og:url\" content=\"https:\/\/psicologaelfridacaceres.com\/index.php\/fortalezca-el-autoestima-de-sus-hijos-i\/\" \/>\n<meta property=\"og:site_name\" content=\"Psic\u00f3loga Elfrida Caceres\" \/>\n<meta property=\"article:modified_time\" content=\"2023-03-14T23:04:37+00:00\" \/>\n<meta property=\"og:image\" content=\"https:\/\/psicologaelfridacaceres.com\/wp-content\/uploads\/2023\/03\/cropped-CACERES-1.png\" \/>\n\t<meta property=\"og:image:width\" content=\"512\" \/>\n\t<meta property=\"og:image:height\" content=\"512\" \/>\n\t<meta property=\"og:image:type\" content=\"image\/png\" \/>\n<meta name=\"twitter:card\" content=\"summary_large_image\" \/>\n<meta name=\"twitter:label1\" content=\"Tiempo de lectura\" \/>\n\t<meta name=\"twitter:data1\" content=\"2 minutos\" \/>\n<script type=\"application\/ld+json\" class=\"yoast-schema-graph\">{\"@context\":\"https:\/\/schema.org\",\"@graph\":[{\"@type\":\"WebPage\",\"@id\":\"https:\/\/psicologaelfridacaceres.com\/index.php\/fortalezca-el-autoestima-de-sus-hijos-i\/\",\"url\":\"https:\/\/psicologaelfridacaceres.com\/index.php\/fortalezca-el-autoestima-de-sus-hijos-i\/\",\"name\":\"Fortalezca el autoestima de sus hijos (I) - Psic\u00f3loga Elfrida C\u00e1ceres\",\"isPartOf\":{\"@id\":\"https:\/\/psicologaelfridacaceres.com\/#website\"},\"datePublished\":\"2023-03-13T14:07:31+00:00\",\"dateModified\":\"2023-03-14T23:04:37+00:00\",\"description\":\"Para fortalecer el autoestima de sus hijos puede comenzar desde la etapa de la gestaci\u00f3n y continuar en los primeros a\u00f1os de su vida\",\"breadcrumb\":{\"@id\":\"https:\/\/psicologaelfridacaceres.com\/index.php\/fortalezca-el-autoestima-de-sus-hijos-i\/#breadcrumb\"},\"inLanguage\":\"es\",\"potentialAction\":[{\"@type\":\"ReadAction\",\"target\":[\"https:\/\/psicologaelfridacaceres.com\/index.php\/fortalezca-el-autoestima-de-sus-hijos-i\/\"]}]},{\"@type\":\"BreadcrumbList\",\"@id\":\"https:\/\/psicologaelfridacaceres.com\/index.php\/fortalezca-el-autoestima-de-sus-hijos-i\/#breadcrumb\",\"itemListElement\":[{\"@type\":\"ListItem\",\"position\":1,\"name\":\"Portada\",\"item\":\"https:\/\/psicologaelfridacaceres.com\/\"},{\"@type\":\"ListItem\",\"position\":2,\"name\":\"Fortalezca el autoestima de sus hijos (I)\"}]},{\"@type\":\"WebSite\",\"@id\":\"https:\/\/psicologaelfridacaceres.com\/#website\",\"url\":\"https:\/\/psicologaelfridacaceres.com\/\",\"name\":\"Psic\u00f3loga Elfrida Caceres\",\"description\":\"Psic\u00f3loga especialista con m\u00e1s de 30 a\u00f1os de experiencia en Consejer\u00eda Cl\u00ednica en El Salvador\",\"publisher\":{\"@id\":\"https:\/\/psicologaelfridacaceres.com\/#\/schema\/person\/592fc7a28331bfee12d96f8f1e4e2824\"},\"potentialAction\":[{\"@type\":\"SearchAction\",\"target\":{\"@type\":\"EntryPoint\",\"urlTemplate\":\"https:\/\/psicologaelfridacaceres.com\/?s={search_term_string}\"},\"query-input\":{\"@type\":\"PropertyValueSpecification\",\"valueRequired\":true,\"valueName\":\"search_term_string\"}}],\"inLanguage\":\"es\"},{\"@type\":[\"Person\",\"Organization\"],\"@id\":\"https:\/\/psicologaelfridacaceres.com\/#\/schema\/person\/592fc7a28331bfee12d96f8f1e4e2824\",\"name\":\"elfrida.mpc@gmail.com\",\"image\":{\"@type\":\"ImageObject\",\"inLanguage\":\"es\",\"@id\":\"https:\/\/psicologaelfridacaceres.com\/#\/schema\/person\/image\/\",\"url\":\"http:\/\/psicologaelfridacaceres.com\/wp-content\/uploads\/2023\/03\/cropped-CACERES-1.png\",\"contentUrl\":\"http:\/\/psicologaelfridacaceres.com\/wp-content\/uploads\/2023\/03\/cropped-CACERES-1.png\",\"width\":512,\"height\":512,\"caption\":\"elfrida.mpc@gmail.com\"},\"logo\":{\"@id\":\"https:\/\/psicologaelfridacaceres.com\/#\/schema\/person\/image\/\"},\"sameAs\":[\"http:\/\/psicologaelfridacaceres.com\"]}]}<\/script>\n<!-- \/ Yoast SEO plugin. -->","yoast_head_json":{"title":"Fortalezca el autoestima de sus hijos (I) - Psic\u00f3loga Elfrida C\u00e1ceres","description":"Para fortalecer el autoestima de sus hijos puede comenzar desde la etapa de la gestaci\u00f3n y continuar en los primeros a\u00f1os de su vida","robots":{"index":"index","follow":"follow","max-snippet":"max-snippet:-1","max-image-preview":"max-image-preview:large","max-video-preview":"max-video-preview:-1"},"canonical":"https:\/\/psicologaelfridacaceres.com\/index.php\/fortalezca-el-autoestima-de-sus-hijos-i\/","og_locale":"es_ES","og_type":"article","og_title":"Fortalezca el autoestima de sus hijos (I) - Psic\u00f3loga Elfrida C\u00e1ceres","og_description":"Para fortalecer el autoestima de sus hijos puede comenzar desde la etapa de la gestaci\u00f3n y continuar en los primeros a\u00f1os de su vida","og_url":"https:\/\/psicologaelfridacaceres.com\/index.php\/fortalezca-el-autoestima-de-sus-hijos-i\/","og_site_name":"Psic\u00f3loga Elfrida Caceres","article_modified_time":"2023-03-14T23:04:37+00:00","og_image":[{"width":512,"height":512,"url":"https:\/\/psicologaelfridacaceres.com\/wp-content\/uploads\/2023\/03\/cropped-CACERES-1.png","type":"image\/png"}],"twitter_card":"summary_large_image","twitter_misc":{"Tiempo de lectura":"2 minutos"},"schema":{"@context":"https:\/\/schema.org","@graph":[{"@type":"WebPage","@id":"https:\/\/psicologaelfridacaceres.com\/index.php\/fortalezca-el-autoestima-de-sus-hijos-i\/","url":"https:\/\/psicologaelfridacaceres.com\/index.php\/fortalezca-el-autoestima-de-sus-hijos-i\/","name":"Fortalezca el autoestima de sus hijos (I) - Psic\u00f3loga Elfrida C\u00e1ceres","isPartOf":{"@id":"https:\/\/psicologaelfridacaceres.com\/#website"},"datePublished":"2023-03-13T14:07:31+00:00","dateModified":"2023-03-14T23:04:37+00:00","description":"Para fortalecer el autoestima de sus hijos puede comenzar desde la etapa de la gestaci\u00f3n y continuar en los primeros a\u00f1os de su vida","breadcrumb":{"@id":"https:\/\/psicologaelfridacaceres.com\/index.php\/fortalezca-el-autoestima-de-sus-hijos-i\/#breadcrumb"},"inLanguage":"es","potentialAction":[{"@type":"ReadAction","target":["https:\/\/psicologaelfridacaceres.com\/index.php\/fortalezca-el-autoestima-de-sus-hijos-i\/"]}]},{"@type":"BreadcrumbList","@id":"https:\/\/psicologaelfridacaceres.com\/index.php\/fortalezca-el-autoestima-de-sus-hijos-i\/#breadcrumb","itemListElement":[{"@type":"ListItem","position":1,"name":"Portada","item":"https:\/\/psicologaelfridacaceres.com\/"},{"@type":"ListItem","position":2,"name":"Fortalezca el autoestima de sus hijos (I)"}]},{"@type":"WebSite","@id":"https:\/\/psicologaelfridacaceres.com\/#website","url":"https:\/\/psicologaelfridacaceres.com\/","name":"Psic\u00f3loga Elfrida Caceres","description":"Psic\u00f3loga especialista con m\u00e1s de 30 a\u00f1os de experiencia en Consejer\u00eda Cl\u00ednica en El Salvador","publisher":{"@id":"https:\/\/psicologaelfridacaceres.com\/#\/schema\/person\/592fc7a28331bfee12d96f8f1e4e2824"},"potentialAction":[{"@type":"SearchAction","target":{"@type":"EntryPoint","urlTemplate":"https:\/\/psicologaelfridacaceres.com\/?s={search_term_string}"},"query-input":{"@type":"PropertyValueSpecification","valueRequired":true,"valueName":"search_term_string"}}],"inLanguage":"es"},{"@type":["Person","Organization"],"@id":"https:\/\/psicologaelfridacaceres.com\/#\/schema\/person\/592fc7a28331bfee12d96f8f1e4e2824","name":"elfrida.mpc@gmail.com","image":{"@type":"ImageObject","inLanguage":"es","@id":"https:\/\/psicologaelfridacaceres.com\/#\/schema\/person\/image\/","url":"http:\/\/psicologaelfridacaceres.com\/wp-content\/uploads\/2023\/03\/cropped-CACERES-1.png","contentUrl":"http:\/\/psicologaelfridacaceres.com\/wp-content\/uploads\/2023\/03\/cropped-CACERES-1.png","width":512,"height":512,"caption":"elfrida.mpc@gmail.com"},"logo":{"@id":"https:\/\/psicologaelfridacaceres.com\/#\/schema\/person\/image\/"},"sameAs":["http:\/\/psicologaelfridacaceres.com"]}]}},"_links":{"self":[{"href":"https:\/\/psicologaelfridacaceres.com\/index.php\/wp-json\/wp\/v2\/pages\/2042","targetHints":{"allow":["GET"]}}],"collection":[{"href":"https:\/\/psicologaelfridacaceres.com\/index.php\/wp-json\/wp\/v2\/pages"}],"about":[{"href":"https:\/\/psicologaelfridacaceres.com\/index.php\/wp-json\/wp\/v2\/types\/page"}],"author":[{"embeddable":true,"href":"https:\/\/psicologaelfridacaceres.com\/index.php\/wp-json\/wp\/v2\/users\/1"}],"replies":[{"embeddable":true,"href":"https:\/\/psicologaelfridacaceres.com\/index.php\/wp-json\/wp\/v2\/comments?post=2042"}],"version-history":[{"count":17,"href":"https:\/\/psicologaelfridacaceres.com\/index.php\/wp-json\/wp\/v2\/pages\/2042\/revisions"}],"predecessor-version":[{"id":2437,"href":"https:\/\/psicologaelfridacaceres.com\/index.php\/wp-json\/wp\/v2\/pages\/2042\/revisions\/2437"}],"wp:attachment":[{"href":"https:\/\/psicologaelfridacaceres.com\/index.php\/wp-json\/wp\/v2\/media?parent=2042"}],"curies":[{"name":"wp","href":"https:\/\/api.w.org\/{rel}","templated":true}]}}