{"id":2024,"date":"2023-03-13T07:58:30","date_gmt":"2023-03-13T13:58:30","guid":{"rendered":"https:\/\/psicologaelfridacaceres.com\/?page_id=2024"},"modified":"2023-03-14T17:01:19","modified_gmt":"2023-03-14T23:01:19","slug":"los-padres-estresantes-i","status":"publish","type":"page","link":"https:\/\/psicologaelfridacaceres.com\/index.php\/los-padres-estresantes-i\/","title":{"rendered":"Los padres estresantes (I)"},"content":{"rendered":"\t\t<div data-elementor-type=\"wp-page\" data-elementor-id=\"2024\" class=\"elementor elementor-2024\">\n\t\t\t\t\t\t<section class=\"elementor-section elementor-top-section elementor-element elementor-element-3cf9cb01 elementor-section-height-min-height elementor-section-items-bottom elementor-section-boxed elementor-section-height-default\" data-id=\"3cf9cb01\" data-element_type=\"section\" data-settings=\"{&quot;background_background&quot;:&quot;classic&quot;}\">\n\t\t\t\t\t\t\t<div class=\"elementor-background-overlay\"><\/div>\n\t\t\t\t\t\t\t<div class=\"elementor-container elementor-column-gap-default\">\n\t\t\t\t\t<div class=\"elementor-column elementor-col-100 elementor-top-column elementor-element elementor-element-45661a41\" data-id=\"45661a41\" data-element_type=\"column\">\n\t\t\t<div class=\"elementor-widget-wrap elementor-element-populated\">\n\t\t\t\t\t\t<div class=\"elementor-element elementor-element-59c28864 elementor-widget elementor-widget-heading\" data-id=\"59c28864\" data-element_type=\"widget\" data-widget_type=\"heading.default\">\n\t\t\t\t<div class=\"elementor-widget-container\">\n\t\t\t\t\t<h2 class=\"elementor-heading-title elementor-size-default\"><span style=\"font-weight: 400\">Los padres estresantes (I)<\/span><\/h2>\t\t\t\t<\/div>\n\t\t\t\t<\/div>\n\t\t\t\t<div class=\"elementor-element elementor-element-4865490d elementor-widget elementor-widget-text-editor\" data-id=\"4865490d\" data-element_type=\"widget\" data-widget_type=\"text-editor.default\">\n\t\t\t\t<div class=\"elementor-widget-container\">\n\t\t\t\t\t\t\t\t\t<p>Octubre 31, 2000| El Diario de Hoy | p. 97<\/p>\t\t\t\t\t\t\t\t<\/div>\n\t\t\t\t<\/div>\n\t\t\t\t\t<\/div>\n\t\t<\/div>\n\t\t\t\t\t<\/div>\n\t\t<\/section>\n\t\t\t\t<section class=\"elementor-section elementor-top-section elementor-element elementor-element-3cf920f3 elementor-section-boxed elementor-section-height-default elementor-section-height-default\" data-id=\"3cf920f3\" data-element_type=\"section\">\n\t\t\t\t\t\t<div class=\"elementor-container elementor-column-gap-default\">\n\t\t\t\t\t<div class=\"elementor-column elementor-col-100 elementor-top-column elementor-element elementor-element-699417f1\" data-id=\"699417f1\" data-element_type=\"column\">\n\t\t\t<div class=\"elementor-widget-wrap elementor-element-populated\">\n\t\t\t\t\t\t<div class=\"elementor-element elementor-element-4586e9b1 elementor-drop-cap-yes elementor-drop-cap-view-default elementor-widget elementor-widget-text-editor\" data-id=\"4586e9b1\" data-element_type=\"widget\" data-settings=\"{&quot;drop_cap&quot;:&quot;yes&quot;}\" data-widget_type=\"text-editor.default\">\n\t\t\t\t<div class=\"elementor-widget-container\">\n\t\t\t\t\t\t\t\t\t<p class=\"p1\">De todos es conocido que el estr\u00e9s es considerado \u00abuna enfermedad de los tiempos modernos\u00bb porque desencadena una sere de s\u00edntomas que altera el funcionamiento normal del organismo y estado de \u00e1nimo de las personas. Los estudios sobre este tema han demostrado que el estr\u00e9s puede ser positivo (por lo tanto no es catalogado de una alteraci\u00f3n) y negativo; adem\u00e1s est\u00e1 presente en todas las esferas de la vida: trabajo, estudio, deportes y en la familia.<\/p>\n<p class=\"p1\">En esta \u00faltima, cabe mencionar que los primeros \u00abestresores\u00bb (se entiende por este concepto, como un est\u00edmulo que desencadena una respuesta de parte quien la recibe) son los padres, porque en su af\u00e1n de buscar lo mejor para sus hijos, constantemente te env\u00edan deseos, mensajes y expectativas que obligadamente genera una respuesta de parte del hijo, que muchas veces puede ser \u201cla de enfrentar la expectativa de los padres o huir de ella\u201d. Sin duda alguna dicha respuesta representa para el hijo une inversi\u00f3n de energ\u00eda f\u00edsica y psicol\u00f3gica que desgasta sus fortalezas mientras trabaja por resolver el est\u00edmulo estreso presente. Posteriormente se produce la recuperaci\u00f3n, sin embargo no todos los seres humanos poseen los mismo niveles de vigor para resolver las exigencias que se le presentan y cuando son expuestos a demandas constantes que irrespetar esa face necesaria de la recuperaci\u00f3n es cuando muchos enferman y decrecen. En ese sentido se encuentran padres que estresan negativamente a sus hijos, cuyas caracter\u00edsticas y efectos comentaremos m\u00e1s adelante.<span class=\"Apple-converted-space\">\u00a0<\/span><\/p>\t\t\t\t\t\t\t\t<\/div>\n\t\t\t\t<\/div>\n\t\t\t\t\t<\/div>\n\t\t<\/div>\n\t\t\t\t\t<\/div>\n\t\t<\/section>\n\t\t\t\t<section class=\"elementor-section elementor-top-section elementor-element elementor-element-5362c502 elementor-section-boxed elementor-section-height-default elementor-section-height-default\" data-id=\"5362c502\" data-element_type=\"section\">\n\t\t\t\t\t\t<div class=\"elementor-container elementor-column-gap-default\">\n\t\t\t\t\t<div class=\"elementor-column elementor-col-100 elementor-top-column elementor-element elementor-element-62a94c1\" data-id=\"62a94c1\" data-element_type=\"column\">\n\t\t\t<div class=\"elementor-widget-wrap elementor-element-populated\">\n\t\t\t\t\t\t<div class=\"elementor-element elementor-element-5cfce44a elementor-align-right elementor-widget elementor-widget-button\" data-id=\"5cfce44a\" data-element_type=\"widget\" data-widget_type=\"button.default\">\n\t\t\t\t<div class=\"elementor-widget-container\">\n\t\t\t\t\t\t\t\t\t<div class=\"elementor-button-wrapper\">\n\t\t\t\t\t<a class=\"elementor-button elementor-button-link elementor-size-sm\" href=\"https:\/\/psicologaelfridacaceres.com\/index.php\/padres-estresantes-ii\/\">\n\t\t\t\t\t\t<span class=\"elementor-button-content-wrapper\">\n\t\t\t\t\t\t<span class=\"elementor-button-icon\">\n\t\t\t\t<i aria-hidden=\"true\" class=\"far fa-arrow-alt-circle-right\"><\/i>\t\t\t<\/span>\n\t\t\t\t\t\t\t\t\t<span class=\"elementor-button-text\">Siguiente articulo<\/span>\n\t\t\t\t\t<\/span>\n\t\t\t\t\t<\/a>\n\t\t\t\t<\/div>\n\t\t\t\t\t\t\t\t<\/div>\n\t\t\t\t<\/div>\n\t\t\t\t<div class=\"elementor-element elementor-element-789ed7b8 elementor-widget elementor-widget-spacer\" data-id=\"789ed7b8\" data-element_type=\"widget\" data-widget_type=\"spacer.default\">\n\t\t\t\t<div class=\"elementor-widget-container\">\n\t\t\t\t\t\t\t<div class=\"elementor-spacer\">\n\t\t\t<div class=\"elementor-spacer-inner\"><\/div>\n\t\t<\/div>\n\t\t\t\t\t\t<\/div>\n\t\t\t\t<\/div>\n\t\t\t\t\t<\/div>\n\t\t<\/div>\n\t\t\t\t\t<\/div>\n\t\t<\/section>\n\t\t\t\t<section class=\"elementor-section elementor-top-section elementor-element elementor-element-7b13855d elementor-section-boxed elementor-section-height-default elementor-section-height-default\" data-id=\"7b13855d\" data-element_type=\"section\" data-settings=\"{&quot;background_background&quot;:&quot;classic&quot;}\">\n\t\t\t\t\t\t\t<div class=\"elementor-background-overlay\"><\/div>\n\t\t\t\t\t\t\t<div class=\"elementor-container elementor-column-gap-default\">\n\t\t\t\t\t<div class=\"elementor-column elementor-col-33 elementor-top-column elementor-element elementor-element-3acb4c59\" data-id=\"3acb4c59\" data-element_type=\"column\">\n\t\t\t<div class=\"elementor-widget-wrap elementor-element-populated\">\n\t\t\t\t\t\t<div class=\"elementor-element elementor-element-67743489 elementor-widget elementor-widget-counter\" data-id=\"67743489\" data-element_type=\"widget\" data-widget_type=\"counter.default\">\n\t\t\t\t<div class=\"elementor-widget-container\">\n\t\t\t\t\t\t\t<div class=\"elementor-counter\">\n\t\t\t<div class=\"elementor-counter-title\">A\u00f1os de experiencia<\/div>\t\t\t<div class=\"elementor-counter-number-wrapper\">\n\t\t\t\t<span class=\"elementor-counter-number-prefix\"><\/span>\n\t\t\t\t<span class=\"elementor-counter-number\" data-duration=\"3000\" data-to-value=\"30\" data-from-value=\"0\" data-delimiter=\",\">0<\/span>\n\t\t\t\t<span class=\"elementor-counter-number-suffix\">+<\/span>\n\t\t\t<\/div>\n\t\t<\/div>\n\t\t\t\t\t\t<\/div>\n\t\t\t\t<\/div>\n\t\t\t\t\t<\/div>\n\t\t<\/div>\n\t\t\t\t<div class=\"elementor-column elementor-col-33 elementor-top-column elementor-element elementor-element-61047515\" data-id=\"61047515\" data-element_type=\"column\">\n\t\t\t<div class=\"elementor-widget-wrap elementor-element-populated\">\n\t\t\t\t\t\t<div class=\"elementor-element elementor-element-2b71a7f3 elementor-widget elementor-widget-counter\" data-id=\"2b71a7f3\" data-element_type=\"widget\" data-widget_type=\"counter.default\">\n\t\t\t\t<div class=\"elementor-widget-container\">\n\t\t\t\t\t\t\t<div class=\"elementor-counter\">\n\t\t\t<div class=\"elementor-counter-title\">Pacientes de alta<\/div>\t\t\t<div class=\"elementor-counter-number-wrapper\">\n\t\t\t\t<span class=\"elementor-counter-number-prefix\"><\/span>\n\t\t\t\t<span class=\"elementor-counter-number\" data-duration=\"2000\" data-to-value=\"1000\" data-from-value=\"0\" data-delimiter=\",\">0<\/span>\n\t\t\t\t<span class=\"elementor-counter-number-suffix\">+<\/span>\n\t\t\t<\/div>\n\t\t<\/div>\n\t\t\t\t\t\t<\/div>\n\t\t\t\t<\/div>\n\t\t\t\t\t<\/div>\n\t\t<\/div>\n\t\t\t\t<div class=\"elementor-column elementor-col-33 elementor-top-column elementor-element elementor-element-523a4959\" data-id=\"523a4959\" data-element_type=\"column\">\n\t\t\t<div class=\"elementor-widget-wrap elementor-element-populated\">\n\t\t\t\t\t\t<div class=\"elementor-element elementor-element-12842aaf elementor-widget elementor-widget-heading\" data-id=\"12842aaf\" data-element_type=\"widget\" data-widget_type=\"heading.default\">\n\t\t\t\t<div class=\"elementor-widget-container\">\n\t\t\t\t\t<h2 class=\"elementor-heading-title elementor-size-default\">Agenda tu cita<\/h2>\t\t\t\t<\/div>\n\t\t\t\t<\/div>\n\t\t\t\t<div class=\"elementor-element elementor-element-317b467a elementor-widget elementor-widget-text-editor\" data-id=\"317b467a\" data-element_type=\"widget\" data-widget_type=\"text-editor.default\">\n\t\t\t\t<div class=\"elementor-widget-container\">\n\t\t\t\t\t\t\t\t\t<p>Puedes agendar tu consulta en l\u00ednea. Un correo de confirmaci\u00f3n ser\u00e1 enviado a tu email registrado\u00a0<\/p>\t\t\t\t\t\t\t\t<\/div>\n\t\t\t\t<\/div>\n\t\t\t\t<div class=\"elementor-element elementor-element-16347d05 elementor-mobile-align-justify elementor-align-center elementor-widget elementor-widget-button\" data-id=\"16347d05\" data-element_type=\"widget\" data-widget_type=\"button.default\">\n\t\t\t\t<div class=\"elementor-widget-container\">\n\t\t\t\t\t\t\t\t\t<div class=\"elementor-button-wrapper\">\n\t\t\t\t\t<a class=\"elementor-button elementor-button-link elementor-size-sm\" href=\"#\">\n\t\t\t\t\t\t<span class=\"elementor-button-content-wrapper\">\n\t\t\t\t\t\t\t\t\t<span class=\"elementor-button-text\">Haz tu cita<\/span>\n\t\t\t\t\t<\/span>\n\t\t\t\t\t<\/a>\n\t\t\t\t<\/div>\n\t\t\t\t\t\t\t\t<\/div>\n\t\t\t\t<\/div>\n\t\t\t\t\t<\/div>\n\t\t<\/div>\n\t\t\t\t\t<\/div>\n\t\t<\/section>\n\t\t\t\t<\/div>\n\t\t","protected":false},"excerpt":{"rendered":"<p>Los padres estresantes (I) Octubre 31, 2000| El Diario de Hoy | p. 97 De todos es conocido que el estr\u00e9s es considerado \u00abuna enfermedad de los tiempos modernos\u00bb porque desencadena una sere de s\u00edntomas que altera el funcionamiento normal del organismo y estado de \u00e1nimo de las personas. Los estudios sobre este tema han&#8230;<\/p>\n","protected":false},"author":1,"featured_media":0,"parent":0,"menu_order":0,"comment_status":"closed","ping_status":"closed","template":"elementor_header_footer","meta":{"_kadence_starter_templates_imported_post":false,"_kad_post_transparent":"","_kad_post_title":"","_kad_post_layout":"","_kad_post_sidebar_id":"","_kad_post_content_style":"","_kad_post_vertical_padding":"","_kad_post_feature":"","_kad_post_feature_position":"","_kad_post_header":false,"_kad_post_footer":false,"_joinchat":[],"footnotes":""},"class_list":["post-2024","page","type-page","status-publish","hentry"],"yoast_head":"<!-- This site is optimized with the Yoast SEO plugin v25.3 - https:\/\/yoast.com\/wordpress\/plugins\/seo\/ -->\n<title>Los padres estresantes (I) - Psic\u00f3loga \u00c9lfrida C\u00e1ceres<\/title>\n<meta name=\"description\" content=\"Las expectativas de los padres pueden causar estr\u00e9s negativo en los hijos. El estr\u00e9s causado por los padres es cr\u00edtico en el bienestar emocional de los hijos\" \/>\n<meta name=\"robots\" content=\"index, follow, max-snippet:-1, max-image-preview:large, max-video-preview:-1\" \/>\n<link rel=\"canonical\" href=\"https:\/\/psicologaelfridacaceres.com\/index.php\/los-padres-estresantes-i\/\" \/>\n<meta property=\"og:locale\" content=\"es_ES\" \/>\n<meta property=\"og:type\" content=\"article\" \/>\n<meta property=\"og:title\" content=\"Los padres estresantes (I) - Psic\u00f3loga \u00c9lfrida C\u00e1ceres\" \/>\n<meta property=\"og:description\" content=\"Las expectativas de los padres pueden causar estr\u00e9s negativo en los hijos. El estr\u00e9s causado por los padres es cr\u00edtico en el bienestar emocional de los hijos\" \/>\n<meta property=\"og:url\" content=\"https:\/\/psicologaelfridacaceres.com\/index.php\/los-padres-estresantes-i\/\" \/>\n<meta property=\"og:site_name\" content=\"Psic\u00f3loga Elfrida Caceres\" \/>\n<meta property=\"article:modified_time\" content=\"2023-03-14T23:01:19+00:00\" \/>\n<meta property=\"og:image\" content=\"https:\/\/psicologaelfridacaceres.com\/wp-content\/uploads\/2023\/03\/cropped-CACERES-1.png\" \/>\n\t<meta property=\"og:image:width\" content=\"512\" \/>\n\t<meta property=\"og:image:height\" content=\"512\" \/>\n\t<meta property=\"og:image:type\" content=\"image\/png\" \/>\n<meta name=\"twitter:card\" content=\"summary_large_image\" \/>\n<meta name=\"twitter:label1\" content=\"Tiempo de lectura\" \/>\n\t<meta name=\"twitter:data1\" content=\"2 minutos\" \/>\n<script type=\"application\/ld+json\" class=\"yoast-schema-graph\">{\"@context\":\"https:\/\/schema.org\",\"@graph\":[{\"@type\":\"WebPage\",\"@id\":\"https:\/\/psicologaelfridacaceres.com\/index.php\/los-padres-estresantes-i\/\",\"url\":\"https:\/\/psicologaelfridacaceres.com\/index.php\/los-padres-estresantes-i\/\",\"name\":\"Los padres estresantes (I) - Psic\u00f3loga \u00c9lfrida C\u00e1ceres\",\"isPartOf\":{\"@id\":\"https:\/\/psicologaelfridacaceres.com\/#website\"},\"datePublished\":\"2023-03-13T13:58:30+00:00\",\"dateModified\":\"2023-03-14T23:01:19+00:00\",\"description\":\"Las expectativas de los padres pueden causar estr\u00e9s negativo en los hijos. El estr\u00e9s causado por los padres es cr\u00edtico en el bienestar emocional de los hijos\",\"breadcrumb\":{\"@id\":\"https:\/\/psicologaelfridacaceres.com\/index.php\/los-padres-estresantes-i\/#breadcrumb\"},\"inLanguage\":\"es\",\"potentialAction\":[{\"@type\":\"ReadAction\",\"target\":[\"https:\/\/psicologaelfridacaceres.com\/index.php\/los-padres-estresantes-i\/\"]}]},{\"@type\":\"BreadcrumbList\",\"@id\":\"https:\/\/psicologaelfridacaceres.com\/index.php\/los-padres-estresantes-i\/#breadcrumb\",\"itemListElement\":[{\"@type\":\"ListItem\",\"position\":1,\"name\":\"Portada\",\"item\":\"https:\/\/psicologaelfridacaceres.com\/\"},{\"@type\":\"ListItem\",\"position\":2,\"name\":\"Los padres estresantes (I)\"}]},{\"@type\":\"WebSite\",\"@id\":\"https:\/\/psicologaelfridacaceres.com\/#website\",\"url\":\"https:\/\/psicologaelfridacaceres.com\/\",\"name\":\"Psic\u00f3loga Elfrida Caceres\",\"description\":\"Psic\u00f3loga especialista con m\u00e1s de 30 a\u00f1os de experiencia en Consejer\u00eda Cl\u00ednica en El Salvador\",\"publisher\":{\"@id\":\"https:\/\/psicologaelfridacaceres.com\/#\/schema\/person\/592fc7a28331bfee12d96f8f1e4e2824\"},\"potentialAction\":[{\"@type\":\"SearchAction\",\"target\":{\"@type\":\"EntryPoint\",\"urlTemplate\":\"https:\/\/psicologaelfridacaceres.com\/?s={search_term_string}\"},\"query-input\":{\"@type\":\"PropertyValueSpecification\",\"valueRequired\":true,\"valueName\":\"search_term_string\"}}],\"inLanguage\":\"es\"},{\"@type\":[\"Person\",\"Organization\"],\"@id\":\"https:\/\/psicologaelfridacaceres.com\/#\/schema\/person\/592fc7a28331bfee12d96f8f1e4e2824\",\"name\":\"elfrida.mpc@gmail.com\",\"image\":{\"@type\":\"ImageObject\",\"inLanguage\":\"es\",\"@id\":\"https:\/\/psicologaelfridacaceres.com\/#\/schema\/person\/image\/\",\"url\":\"http:\/\/psicologaelfridacaceres.com\/wp-content\/uploads\/2023\/03\/cropped-CACERES-1.png\",\"contentUrl\":\"http:\/\/psicologaelfridacaceres.com\/wp-content\/uploads\/2023\/03\/cropped-CACERES-1.png\",\"width\":512,\"height\":512,\"caption\":\"elfrida.mpc@gmail.com\"},\"logo\":{\"@id\":\"https:\/\/psicologaelfridacaceres.com\/#\/schema\/person\/image\/\"},\"sameAs\":[\"http:\/\/psicologaelfridacaceres.com\"]}]}<\/script>\n<!-- \/ Yoast SEO plugin. -->","yoast_head_json":{"title":"Los padres estresantes (I) - Psic\u00f3loga \u00c9lfrida C\u00e1ceres","description":"Las expectativas de los padres pueden causar estr\u00e9s negativo en los hijos. El estr\u00e9s causado por los padres es cr\u00edtico en el bienestar emocional de los hijos","robots":{"index":"index","follow":"follow","max-snippet":"max-snippet:-1","max-image-preview":"max-image-preview:large","max-video-preview":"max-video-preview:-1"},"canonical":"https:\/\/psicologaelfridacaceres.com\/index.php\/los-padres-estresantes-i\/","og_locale":"es_ES","og_type":"article","og_title":"Los padres estresantes (I) - Psic\u00f3loga \u00c9lfrida C\u00e1ceres","og_description":"Las expectativas de los padres pueden causar estr\u00e9s negativo en los hijos. El estr\u00e9s causado por los padres es cr\u00edtico en el bienestar emocional de los hijos","og_url":"https:\/\/psicologaelfridacaceres.com\/index.php\/los-padres-estresantes-i\/","og_site_name":"Psic\u00f3loga Elfrida Caceres","article_modified_time":"2023-03-14T23:01:19+00:00","og_image":[{"width":512,"height":512,"url":"https:\/\/psicologaelfridacaceres.com\/wp-content\/uploads\/2023\/03\/cropped-CACERES-1.png","type":"image\/png"}],"twitter_card":"summary_large_image","twitter_misc":{"Tiempo de lectura":"2 minutos"},"schema":{"@context":"https:\/\/schema.org","@graph":[{"@type":"WebPage","@id":"https:\/\/psicologaelfridacaceres.com\/index.php\/los-padres-estresantes-i\/","url":"https:\/\/psicologaelfridacaceres.com\/index.php\/los-padres-estresantes-i\/","name":"Los padres estresantes (I) - Psic\u00f3loga \u00c9lfrida C\u00e1ceres","isPartOf":{"@id":"https:\/\/psicologaelfridacaceres.com\/#website"},"datePublished":"2023-03-13T13:58:30+00:00","dateModified":"2023-03-14T23:01:19+00:00","description":"Las expectativas de los padres pueden causar estr\u00e9s negativo en los hijos. El estr\u00e9s causado por los padres es cr\u00edtico en el bienestar emocional de los hijos","breadcrumb":{"@id":"https:\/\/psicologaelfridacaceres.com\/index.php\/los-padres-estresantes-i\/#breadcrumb"},"inLanguage":"es","potentialAction":[{"@type":"ReadAction","target":["https:\/\/psicologaelfridacaceres.com\/index.php\/los-padres-estresantes-i\/"]}]},{"@type":"BreadcrumbList","@id":"https:\/\/psicologaelfridacaceres.com\/index.php\/los-padres-estresantes-i\/#breadcrumb","itemListElement":[{"@type":"ListItem","position":1,"name":"Portada","item":"https:\/\/psicologaelfridacaceres.com\/"},{"@type":"ListItem","position":2,"name":"Los padres estresantes (I)"}]},{"@type":"WebSite","@id":"https:\/\/psicologaelfridacaceres.com\/#website","url":"https:\/\/psicologaelfridacaceres.com\/","name":"Psic\u00f3loga Elfrida Caceres","description":"Psic\u00f3loga especialista con m\u00e1s de 30 a\u00f1os de experiencia en Consejer\u00eda Cl\u00ednica en El Salvador","publisher":{"@id":"https:\/\/psicologaelfridacaceres.com\/#\/schema\/person\/592fc7a28331bfee12d96f8f1e4e2824"},"potentialAction":[{"@type":"SearchAction","target":{"@type":"EntryPoint","urlTemplate":"https:\/\/psicologaelfridacaceres.com\/?s={search_term_string}"},"query-input":{"@type":"PropertyValueSpecification","valueRequired":true,"valueName":"search_term_string"}}],"inLanguage":"es"},{"@type":["Person","Organization"],"@id":"https:\/\/psicologaelfridacaceres.com\/#\/schema\/person\/592fc7a28331bfee12d96f8f1e4e2824","name":"elfrida.mpc@gmail.com","image":{"@type":"ImageObject","inLanguage":"es","@id":"https:\/\/psicologaelfridacaceres.com\/#\/schema\/person\/image\/","url":"http:\/\/psicologaelfridacaceres.com\/wp-content\/uploads\/2023\/03\/cropped-CACERES-1.png","contentUrl":"http:\/\/psicologaelfridacaceres.com\/wp-content\/uploads\/2023\/03\/cropped-CACERES-1.png","width":512,"height":512,"caption":"elfrida.mpc@gmail.com"},"logo":{"@id":"https:\/\/psicologaelfridacaceres.com\/#\/schema\/person\/image\/"},"sameAs":["http:\/\/psicologaelfridacaceres.com"]}]}},"_links":{"self":[{"href":"https:\/\/psicologaelfridacaceres.com\/index.php\/wp-json\/wp\/v2\/pages\/2024","targetHints":{"allow":["GET"]}}],"collection":[{"href":"https:\/\/psicologaelfridacaceres.com\/index.php\/wp-json\/wp\/v2\/pages"}],"about":[{"href":"https:\/\/psicologaelfridacaceres.com\/index.php\/wp-json\/wp\/v2\/types\/page"}],"author":[{"embeddable":true,"href":"https:\/\/psicologaelfridacaceres.com\/index.php\/wp-json\/wp\/v2\/users\/1"}],"replies":[{"embeddable":true,"href":"https:\/\/psicologaelfridacaceres.com\/index.php\/wp-json\/wp\/v2\/comments?post=2024"}],"version-history":[{"count":11,"href":"https:\/\/psicologaelfridacaceres.com\/index.php\/wp-json\/wp\/v2\/pages\/2024\/revisions"}],"predecessor-version":[{"id":2434,"href":"https:\/\/psicologaelfridacaceres.com\/index.php\/wp-json\/wp\/v2\/pages\/2024\/revisions\/2434"}],"wp:attachment":[{"href":"https:\/\/psicologaelfridacaceres.com\/index.php\/wp-json\/wp\/v2\/media?parent=2024"}],"curies":[{"name":"wp","href":"https:\/\/api.w.org\/{rel}","templated":true}]}}