{"id":1904,"date":"2023-03-13T07:21:36","date_gmt":"2023-03-13T13:21:36","guid":{"rendered":"https:\/\/psicologaelfridacaceres.com\/?page_id=1904"},"modified":"2023-03-14T17:06:25","modified_gmt":"2023-03-14T23:06:25","slug":"la-obsesion-por-la-delgadez","status":"publish","type":"page","link":"https:\/\/psicologaelfridacaceres.com\/index.php\/la-obsesion-por-la-delgadez\/","title":{"rendered":"La obsesi\u00f3n por la delgadez"},"content":{"rendered":"\t\t<div data-elementor-type=\"wp-page\" data-elementor-id=\"1904\" class=\"elementor elementor-1904\">\n\t\t\t\t\t\t<section class=\"elementor-section elementor-top-section elementor-element elementor-element-2617c02 elementor-section-height-min-height elementor-section-items-bottom elementor-section-boxed elementor-section-height-default\" data-id=\"2617c02\" data-element_type=\"section\" data-settings=\"{&quot;background_background&quot;:&quot;classic&quot;}\">\n\t\t\t\t\t\t\t<div class=\"elementor-background-overlay\"><\/div>\n\t\t\t\t\t\t\t<div class=\"elementor-container elementor-column-gap-default\">\n\t\t\t\t\t<div class=\"elementor-column elementor-col-100 elementor-top-column elementor-element elementor-element-6b2006f2\" data-id=\"6b2006f2\" data-element_type=\"column\">\n\t\t\t<div class=\"elementor-widget-wrap elementor-element-populated\">\n\t\t\t\t\t\t<div class=\"elementor-element elementor-element-125cbbe9 elementor-widget elementor-widget-heading\" data-id=\"125cbbe9\" data-element_type=\"widget\" data-widget_type=\"heading.default\">\n\t\t\t\t<div class=\"elementor-widget-container\">\n\t\t\t\t\t<h2 class=\"elementor-heading-title elementor-size-default\"><span style=\"font-weight: 400\">La obsesi\u00f3n por la delgadez<\/span><\/h2>\t\t\t\t<\/div>\n\t\t\t\t<\/div>\n\t\t\t\t<div class=\"elementor-element elementor-element-3a4f6659 elementor-widget elementor-widget-text-editor\" data-id=\"3a4f6659\" data-element_type=\"widget\" data-widget_type=\"text-editor.default\">\n\t\t\t\t<div class=\"elementor-widget-container\">\n\t\t\t\t\t\t\t\t\t<p>Noviembre 28, 2000| El Diario de Hoy | p. 98<\/p>\t\t\t\t\t\t\t\t<\/div>\n\t\t\t\t<\/div>\n\t\t\t\t\t<\/div>\n\t\t<\/div>\n\t\t\t\t\t<\/div>\n\t\t<\/section>\n\t\t\t\t<section class=\"elementor-section elementor-top-section elementor-element elementor-element-617058ca elementor-section-boxed elementor-section-height-default elementor-section-height-default\" data-id=\"617058ca\" data-element_type=\"section\">\n\t\t\t\t\t\t<div class=\"elementor-container elementor-column-gap-default\">\n\t\t\t\t\t<div class=\"elementor-column elementor-col-100 elementor-top-column elementor-element elementor-element-35b20988\" data-id=\"35b20988\" data-element_type=\"column\">\n\t\t\t<div class=\"elementor-widget-wrap elementor-element-populated\">\n\t\t\t\t\t\t<div class=\"elementor-element elementor-element-1528be8d elementor-drop-cap-yes elementor-drop-cap-view-default elementor-widget elementor-widget-text-editor\" data-id=\"1528be8d\" data-element_type=\"widget\" data-settings=\"{&quot;drop_cap&quot;:&quot;yes&quot;}\" data-widget_type=\"text-editor.default\">\n\t\t\t\t<div class=\"elementor-widget-container\">\n\t\t\t\t\t\t\t\t\t<p class=\"p1\">Muchos ni\u00f1os y j\u00f3venes con exceso de peso enfrente una adolescencia llena de tensiones y demandas.<span class=\"Apple-converted-space\">\u00a0<\/span>En la columna anterior, hablamos de la tendencia de muchos padres por mantener a sus hijos \u201crellenos y hermosos\u201d. Sin embargo, al llegar a la pubertad (11-12 a\u00f1os), los mismos padres que una vez se preocuparon que sus ni\u00f1os se excedieran en sus comidas, comienzan una lucha contradictoria para que los chicos coman menos, pierdan libras de m\u00e1s y logren llegar a la delgadez anhelada. De esa manera, los padres pueden darse por satisfechos al haber \u201cmodelado\u201d su mejor obra de arte.<\/p>\n<p class=\"p1\">En este sentido, los padres someten a los j\u00f3venes a tener mayor responsabilidad de su silueta, para que se vean igual que otros muchachos de su edad considerados lindos o esbeltos. En casos extremos, algunos padres obtienen la dieta milagrosa o los inscriben en actividades deportivas para que rebajen. Por otra parte, sumada la tensi\u00f3n que ejercen los adultos, se une la de su grupo de compa\u00f1eros de colegio, quienes son los encargados de calificar la belleza por la apariencia f\u00edsica.<span class=\"Apple-converted-space\">\u00a0<\/span><\/p>\n<p class=\"p1\">Para algunos j\u00f3venes, las exigencias de la familia y la escuela son demasiados altas para sus mecanismos de manejo, que llegan a iniciarse en pr\u00e1cticas auto-destructoras con tal que la ansiedad disminuya y logren ser aceptados y queridos por su delgadez. De estas pr\u00e1cticas tan comunes, hablaremos la pr\u00f3xima semana.<\/p>\t\t\t\t\t\t\t\t<\/div>\n\t\t\t\t<\/div>\n\t\t\t\t\t<\/div>\n\t\t<\/div>\n\t\t\t\t\t<\/div>\n\t\t<\/section>\n\t\t\t\t<section class=\"elementor-section elementor-top-section elementor-element elementor-element-c7e8d7e elementor-section-boxed elementor-section-height-default elementor-section-height-default\" data-id=\"c7e8d7e\" data-element_type=\"section\">\n\t\t\t\t\t\t<div class=\"elementor-container elementor-column-gap-default\">\n\t\t\t\t\t<div class=\"elementor-column elementor-col-100 elementor-top-column elementor-element elementor-element-3cf54d0\" data-id=\"3cf54d0\" data-element_type=\"column\">\n\t\t\t<div class=\"elementor-widget-wrap elementor-element-populated\">\n\t\t\t\t\t\t<div class=\"elementor-element elementor-element-3b6f41b elementor-align-right elementor-widget elementor-widget-button\" data-id=\"3b6f41b\" data-element_type=\"widget\" data-widget_type=\"button.default\">\n\t\t\t\t<div class=\"elementor-widget-container\">\n\t\t\t\t\t\t\t\t\t<div class=\"elementor-button-wrapper\">\n\t\t\t\t\t<a class=\"elementor-button elementor-button-link elementor-size-sm\" href=\"https:\/\/psicologaelfridacaceres.com\/index.php\/el-peso-de-su-hijo-i\/\">\n\t\t\t\t\t\t<span class=\"elementor-button-content-wrapper\">\n\t\t\t\t\t\t<span class=\"elementor-button-icon\">\n\t\t\t\t<i aria-hidden=\"true\" class=\"far fa-arrow-alt-circle-right\"><\/i>\t\t\t<\/span>\n\t\t\t\t\t\t\t\t\t<span class=\"elementor-button-text\">Siguiente articulo<\/span>\n\t\t\t\t\t<\/span>\n\t\t\t\t\t<\/a>\n\t\t\t\t<\/div>\n\t\t\t\t\t\t\t\t<\/div>\n\t\t\t\t<\/div>\n\t\t\t\t<div class=\"elementor-element elementor-element-11076ce elementor-widget elementor-widget-spacer\" data-id=\"11076ce\" data-element_type=\"widget\" data-widget_type=\"spacer.default\">\n\t\t\t\t<div class=\"elementor-widget-container\">\n\t\t\t\t\t\t\t<div class=\"elementor-spacer\">\n\t\t\t<div class=\"elementor-spacer-inner\"><\/div>\n\t\t<\/div>\n\t\t\t\t\t\t<\/div>\n\t\t\t\t<\/div>\n\t\t\t\t\t<\/div>\n\t\t<\/div>\n\t\t\t\t\t<\/div>\n\t\t<\/section>\n\t\t\t\t<section class=\"elementor-section elementor-top-section elementor-element elementor-element-5b820689 elementor-section-boxed elementor-section-height-default elementor-section-height-default\" data-id=\"5b820689\" data-element_type=\"section\" data-settings=\"{&quot;background_background&quot;:&quot;classic&quot;}\">\n\t\t\t\t\t\t\t<div class=\"elementor-background-overlay\"><\/div>\n\t\t\t\t\t\t\t<div class=\"elementor-container elementor-column-gap-default\">\n\t\t\t\t\t<div class=\"elementor-column elementor-col-33 elementor-top-column elementor-element elementor-element-35685736\" data-id=\"35685736\" data-element_type=\"column\">\n\t\t\t<div class=\"elementor-widget-wrap elementor-element-populated\">\n\t\t\t\t\t\t<div class=\"elementor-element elementor-element-303e309e elementor-widget elementor-widget-counter\" data-id=\"303e309e\" data-element_type=\"widget\" data-widget_type=\"counter.default\">\n\t\t\t\t<div class=\"elementor-widget-container\">\n\t\t\t\t\t\t\t<div class=\"elementor-counter\">\n\t\t\t<div class=\"elementor-counter-title\">A\u00f1os de experiencia<\/div>\t\t\t<div class=\"elementor-counter-number-wrapper\">\n\t\t\t\t<span class=\"elementor-counter-number-prefix\"><\/span>\n\t\t\t\t<span class=\"elementor-counter-number\" data-duration=\"3000\" data-to-value=\"30\" data-from-value=\"0\" data-delimiter=\",\">0<\/span>\n\t\t\t\t<span class=\"elementor-counter-number-suffix\">+<\/span>\n\t\t\t<\/div>\n\t\t<\/div>\n\t\t\t\t\t\t<\/div>\n\t\t\t\t<\/div>\n\t\t\t\t\t<\/div>\n\t\t<\/div>\n\t\t\t\t<div class=\"elementor-column elementor-col-33 elementor-top-column elementor-element elementor-element-32da859a\" data-id=\"32da859a\" data-element_type=\"column\">\n\t\t\t<div class=\"elementor-widget-wrap elementor-element-populated\">\n\t\t\t\t\t\t<div class=\"elementor-element elementor-element-40bb9f13 elementor-widget elementor-widget-counter\" data-id=\"40bb9f13\" data-element_type=\"widget\" data-widget_type=\"counter.default\">\n\t\t\t\t<div class=\"elementor-widget-container\">\n\t\t\t\t\t\t\t<div class=\"elementor-counter\">\n\t\t\t<div class=\"elementor-counter-title\">Pacientes de alta<\/div>\t\t\t<div class=\"elementor-counter-number-wrapper\">\n\t\t\t\t<span class=\"elementor-counter-number-prefix\"><\/span>\n\t\t\t\t<span class=\"elementor-counter-number\" data-duration=\"2000\" data-to-value=\"1000\" data-from-value=\"0\" data-delimiter=\",\">0<\/span>\n\t\t\t\t<span class=\"elementor-counter-number-suffix\">+<\/span>\n\t\t\t<\/div>\n\t\t<\/div>\n\t\t\t\t\t\t<\/div>\n\t\t\t\t<\/div>\n\t\t\t\t\t<\/div>\n\t\t<\/div>\n\t\t\t\t<div class=\"elementor-column elementor-col-33 elementor-top-column elementor-element elementor-element-5d7ac726\" data-id=\"5d7ac726\" data-element_type=\"column\">\n\t\t\t<div class=\"elementor-widget-wrap elementor-element-populated\">\n\t\t\t\t\t\t<div class=\"elementor-element elementor-element-6bb25d elementor-widget elementor-widget-heading\" data-id=\"6bb25d\" data-element_type=\"widget\" data-widget_type=\"heading.default\">\n\t\t\t\t<div class=\"elementor-widget-container\">\n\t\t\t\t\t<h2 class=\"elementor-heading-title elementor-size-default\">Agenda tu cita<\/h2>\t\t\t\t<\/div>\n\t\t\t\t<\/div>\n\t\t\t\t<div class=\"elementor-element elementor-element-3729990d elementor-widget elementor-widget-text-editor\" data-id=\"3729990d\" data-element_type=\"widget\" data-widget_type=\"text-editor.default\">\n\t\t\t\t<div class=\"elementor-widget-container\">\n\t\t\t\t\t\t\t\t\t<p>Puedes agendar tu consulta en l\u00ednea. Un correo de confirmaci\u00f3n ser\u00e1 enviado a tu email registrado\u00a0<\/p>\t\t\t\t\t\t\t\t<\/div>\n\t\t\t\t<\/div>\n\t\t\t\t<div class=\"elementor-element elementor-element-43a3b83c elementor-mobile-align-justify elementor-align-center elementor-widget elementor-widget-button\" data-id=\"43a3b83c\" data-element_type=\"widget\" data-widget_type=\"button.default\">\n\t\t\t\t<div class=\"elementor-widget-container\">\n\t\t\t\t\t\t\t\t\t<div class=\"elementor-button-wrapper\">\n\t\t\t\t\t<a class=\"elementor-button elementor-button-link elementor-size-sm\" href=\"#\">\n\t\t\t\t\t\t<span class=\"elementor-button-content-wrapper\">\n\t\t\t\t\t\t\t\t\t<span class=\"elementor-button-text\">Haz tu cita<\/span>\n\t\t\t\t\t<\/span>\n\t\t\t\t\t<\/a>\n\t\t\t\t<\/div>\n\t\t\t\t\t\t\t\t<\/div>\n\t\t\t\t<\/div>\n\t\t\t\t\t<\/div>\n\t\t<\/div>\n\t\t\t\t\t<\/div>\n\t\t<\/section>\n\t\t\t\t<\/div>\n\t\t","protected":false},"excerpt":{"rendered":"<p>La obsesi\u00f3n por la delgadez Noviembre 28, 2000| El Diario de Hoy | p. 98 Muchos ni\u00f1os y j\u00f3venes con exceso de peso enfrente una adolescencia llena de tensiones y demandas.&nbsp;En la columna anterior, hablamos de la tendencia de muchos padres por mantener a sus hijos \u201crellenos y hermosos\u201d. Sin embargo, al llegar a la&#8230;<\/p>\n","protected":false},"author":1,"featured_media":0,"parent":0,"menu_order":0,"comment_status":"closed","ping_status":"closed","template":"elementor_header_footer","meta":{"_kadence_starter_templates_imported_post":false,"_kad_post_transparent":"","_kad_post_title":"","_kad_post_layout":"","_kad_post_sidebar_id":"","_kad_post_content_style":"","_kad_post_vertical_padding":"","_kad_post_feature":"","_kad_post_feature_position":"","_kad_post_header":false,"_kad_post_footer":false,"_joinchat":[],"footnotes":""},"class_list":["post-1904","page","type-page","status-publish","hentry"],"yoast_head":"<!-- This site is optimized with the Yoast SEO plugin v25.3 - https:\/\/yoast.com\/wordpress\/plugins\/seo\/ -->\n<title>La obsesi\u00f3n por la delgadez - Psic\u00f3loga \u00c9lfrida C\u00e1ceres<\/title>\n<meta name=\"description\" content=\"Muchos ni\u00f1os y j\u00f3venes con exceso de peso enfrenta una adolescencia llena de tensiones y demandas\" \/>\n<meta name=\"robots\" content=\"index, follow, max-snippet:-1, max-image-preview:large, max-video-preview:-1\" \/>\n<link rel=\"canonical\" href=\"https:\/\/psicologaelfridacaceres.com\/index.php\/la-obsesion-por-la-delgadez\/\" \/>\n<meta property=\"og:locale\" content=\"es_ES\" \/>\n<meta property=\"og:type\" content=\"article\" \/>\n<meta property=\"og:title\" content=\"La obsesi\u00f3n por la delgadez - Psic\u00f3loga \u00c9lfrida C\u00e1ceres\" \/>\n<meta property=\"og:description\" content=\"Muchos ni\u00f1os y j\u00f3venes con exceso de peso enfrenta una adolescencia llena de tensiones y demandas\" \/>\n<meta property=\"og:url\" content=\"https:\/\/psicologaelfridacaceres.com\/index.php\/la-obsesion-por-la-delgadez\/\" \/>\n<meta property=\"og:site_name\" content=\"Psic\u00f3loga Elfrida Caceres\" \/>\n<meta property=\"article:modified_time\" content=\"2023-03-14T23:06:25+00:00\" \/>\n<meta property=\"og:image\" content=\"https:\/\/psicologaelfridacaceres.com\/wp-content\/uploads\/2023\/03\/cropped-CACERES-1.png\" \/>\n\t<meta property=\"og:image:width\" content=\"512\" \/>\n\t<meta property=\"og:image:height\" content=\"512\" \/>\n\t<meta property=\"og:image:type\" content=\"image\/png\" \/>\n<meta name=\"twitter:card\" content=\"summary_large_image\" \/>\n<meta name=\"twitter:label1\" content=\"Tiempo de lectura\" \/>\n\t<meta name=\"twitter:data1\" content=\"2 minutos\" \/>\n<script type=\"application\/ld+json\" class=\"yoast-schema-graph\">{\"@context\":\"https:\/\/schema.org\",\"@graph\":[{\"@type\":\"WebPage\",\"@id\":\"https:\/\/psicologaelfridacaceres.com\/index.php\/la-obsesion-por-la-delgadez\/\",\"url\":\"https:\/\/psicologaelfridacaceres.com\/index.php\/la-obsesion-por-la-delgadez\/\",\"name\":\"La obsesi\u00f3n por la delgadez - Psic\u00f3loga \u00c9lfrida C\u00e1ceres\",\"isPartOf\":{\"@id\":\"https:\/\/psicologaelfridacaceres.com\/#website\"},\"datePublished\":\"2023-03-13T13:21:36+00:00\",\"dateModified\":\"2023-03-14T23:06:25+00:00\",\"description\":\"Muchos ni\u00f1os y j\u00f3venes con exceso de peso enfrenta una adolescencia llena de tensiones y demandas\",\"breadcrumb\":{\"@id\":\"https:\/\/psicologaelfridacaceres.com\/index.php\/la-obsesion-por-la-delgadez\/#breadcrumb\"},\"inLanguage\":\"es\",\"potentialAction\":[{\"@type\":\"ReadAction\",\"target\":[\"https:\/\/psicologaelfridacaceres.com\/index.php\/la-obsesion-por-la-delgadez\/\"]}]},{\"@type\":\"BreadcrumbList\",\"@id\":\"https:\/\/psicologaelfridacaceres.com\/index.php\/la-obsesion-por-la-delgadez\/#breadcrumb\",\"itemListElement\":[{\"@type\":\"ListItem\",\"position\":1,\"name\":\"Portada\",\"item\":\"https:\/\/psicologaelfridacaceres.com\/\"},{\"@type\":\"ListItem\",\"position\":2,\"name\":\"La obsesi\u00f3n por la delgadez\"}]},{\"@type\":\"WebSite\",\"@id\":\"https:\/\/psicologaelfridacaceres.com\/#website\",\"url\":\"https:\/\/psicologaelfridacaceres.com\/\",\"name\":\"Psic\u00f3loga Elfrida Caceres\",\"description\":\"Psic\u00f3loga especialista con m\u00e1s de 30 a\u00f1os de experiencia en Consejer\u00eda Cl\u00ednica en El Salvador\",\"publisher\":{\"@id\":\"https:\/\/psicologaelfridacaceres.com\/#\/schema\/person\/592fc7a28331bfee12d96f8f1e4e2824\"},\"potentialAction\":[{\"@type\":\"SearchAction\",\"target\":{\"@type\":\"EntryPoint\",\"urlTemplate\":\"https:\/\/psicologaelfridacaceres.com\/?s={search_term_string}\"},\"query-input\":{\"@type\":\"PropertyValueSpecification\",\"valueRequired\":true,\"valueName\":\"search_term_string\"}}],\"inLanguage\":\"es\"},{\"@type\":[\"Person\",\"Organization\"],\"@id\":\"https:\/\/psicologaelfridacaceres.com\/#\/schema\/person\/592fc7a28331bfee12d96f8f1e4e2824\",\"name\":\"elfrida.mpc@gmail.com\",\"image\":{\"@type\":\"ImageObject\",\"inLanguage\":\"es\",\"@id\":\"https:\/\/psicologaelfridacaceres.com\/#\/schema\/person\/image\/\",\"url\":\"http:\/\/psicologaelfridacaceres.com\/wp-content\/uploads\/2023\/03\/cropped-CACERES-1.png\",\"contentUrl\":\"http:\/\/psicologaelfridacaceres.com\/wp-content\/uploads\/2023\/03\/cropped-CACERES-1.png\",\"width\":512,\"height\":512,\"caption\":\"elfrida.mpc@gmail.com\"},\"logo\":{\"@id\":\"https:\/\/psicologaelfridacaceres.com\/#\/schema\/person\/image\/\"},\"sameAs\":[\"http:\/\/psicologaelfridacaceres.com\"]}]}<\/script>\n<!-- \/ Yoast SEO plugin. -->","yoast_head_json":{"title":"La obsesi\u00f3n por la delgadez - Psic\u00f3loga \u00c9lfrida C\u00e1ceres","description":"Muchos ni\u00f1os y j\u00f3venes con exceso de peso enfrenta una adolescencia llena de tensiones y demandas","robots":{"index":"index","follow":"follow","max-snippet":"max-snippet:-1","max-image-preview":"max-image-preview:large","max-video-preview":"max-video-preview:-1"},"canonical":"https:\/\/psicologaelfridacaceres.com\/index.php\/la-obsesion-por-la-delgadez\/","og_locale":"es_ES","og_type":"article","og_title":"La obsesi\u00f3n por la delgadez - Psic\u00f3loga \u00c9lfrida C\u00e1ceres","og_description":"Muchos ni\u00f1os y j\u00f3venes con exceso de peso enfrenta una adolescencia llena de tensiones y demandas","og_url":"https:\/\/psicologaelfridacaceres.com\/index.php\/la-obsesion-por-la-delgadez\/","og_site_name":"Psic\u00f3loga Elfrida Caceres","article_modified_time":"2023-03-14T23:06:25+00:00","og_image":[{"width":512,"height":512,"url":"https:\/\/psicologaelfridacaceres.com\/wp-content\/uploads\/2023\/03\/cropped-CACERES-1.png","type":"image\/png"}],"twitter_card":"summary_large_image","twitter_misc":{"Tiempo de lectura":"2 minutos"},"schema":{"@context":"https:\/\/schema.org","@graph":[{"@type":"WebPage","@id":"https:\/\/psicologaelfridacaceres.com\/index.php\/la-obsesion-por-la-delgadez\/","url":"https:\/\/psicologaelfridacaceres.com\/index.php\/la-obsesion-por-la-delgadez\/","name":"La obsesi\u00f3n por la delgadez - Psic\u00f3loga \u00c9lfrida C\u00e1ceres","isPartOf":{"@id":"https:\/\/psicologaelfridacaceres.com\/#website"},"datePublished":"2023-03-13T13:21:36+00:00","dateModified":"2023-03-14T23:06:25+00:00","description":"Muchos ni\u00f1os y j\u00f3venes con exceso de peso enfrenta una adolescencia llena de tensiones y demandas","breadcrumb":{"@id":"https:\/\/psicologaelfridacaceres.com\/index.php\/la-obsesion-por-la-delgadez\/#breadcrumb"},"inLanguage":"es","potentialAction":[{"@type":"ReadAction","target":["https:\/\/psicologaelfridacaceres.com\/index.php\/la-obsesion-por-la-delgadez\/"]}]},{"@type":"BreadcrumbList","@id":"https:\/\/psicologaelfridacaceres.com\/index.php\/la-obsesion-por-la-delgadez\/#breadcrumb","itemListElement":[{"@type":"ListItem","position":1,"name":"Portada","item":"https:\/\/psicologaelfridacaceres.com\/"},{"@type":"ListItem","position":2,"name":"La obsesi\u00f3n por la delgadez"}]},{"@type":"WebSite","@id":"https:\/\/psicologaelfridacaceres.com\/#website","url":"https:\/\/psicologaelfridacaceres.com\/","name":"Psic\u00f3loga Elfrida Caceres","description":"Psic\u00f3loga especialista con m\u00e1s de 30 a\u00f1os de experiencia en Consejer\u00eda Cl\u00ednica en El Salvador","publisher":{"@id":"https:\/\/psicologaelfridacaceres.com\/#\/schema\/person\/592fc7a28331bfee12d96f8f1e4e2824"},"potentialAction":[{"@type":"SearchAction","target":{"@type":"EntryPoint","urlTemplate":"https:\/\/psicologaelfridacaceres.com\/?s={search_term_string}"},"query-input":{"@type":"PropertyValueSpecification","valueRequired":true,"valueName":"search_term_string"}}],"inLanguage":"es"},{"@type":["Person","Organization"],"@id":"https:\/\/psicologaelfridacaceres.com\/#\/schema\/person\/592fc7a28331bfee12d96f8f1e4e2824","name":"elfrida.mpc@gmail.com","image":{"@type":"ImageObject","inLanguage":"es","@id":"https:\/\/psicologaelfridacaceres.com\/#\/schema\/person\/image\/","url":"http:\/\/psicologaelfridacaceres.com\/wp-content\/uploads\/2023\/03\/cropped-CACERES-1.png","contentUrl":"http:\/\/psicologaelfridacaceres.com\/wp-content\/uploads\/2023\/03\/cropped-CACERES-1.png","width":512,"height":512,"caption":"elfrida.mpc@gmail.com"},"logo":{"@id":"https:\/\/psicologaelfridacaceres.com\/#\/schema\/person\/image\/"},"sameAs":["http:\/\/psicologaelfridacaceres.com"]}]}},"_links":{"self":[{"href":"https:\/\/psicologaelfridacaceres.com\/index.php\/wp-json\/wp\/v2\/pages\/1904","targetHints":{"allow":["GET"]}}],"collection":[{"href":"https:\/\/psicologaelfridacaceres.com\/index.php\/wp-json\/wp\/v2\/pages"}],"about":[{"href":"https:\/\/psicologaelfridacaceres.com\/index.php\/wp-json\/wp\/v2\/types\/page"}],"author":[{"embeddable":true,"href":"https:\/\/psicologaelfridacaceres.com\/index.php\/wp-json\/wp\/v2\/users\/1"}],"replies":[{"embeddable":true,"href":"https:\/\/psicologaelfridacaceres.com\/index.php\/wp-json\/wp\/v2\/comments?post=1904"}],"version-history":[{"count":29,"href":"https:\/\/psicologaelfridacaceres.com\/index.php\/wp-json\/wp\/v2\/pages\/1904\/revisions"}],"predecessor-version":[{"id":2439,"href":"https:\/\/psicologaelfridacaceres.com\/index.php\/wp-json\/wp\/v2\/pages\/1904\/revisions\/2439"}],"wp:attachment":[{"href":"https:\/\/psicologaelfridacaceres.com\/index.php\/wp-json\/wp\/v2\/media?parent=1904"}],"curies":[{"name":"wp","href":"https:\/\/api.w.org\/{rel}","templated":true}]}}