{"id":1672,"date":"2023-03-07T14:15:02","date_gmt":"2023-03-07T20:15:02","guid":{"rendered":"https:\/\/psicologaelfridacaceres.com\/?page_id=1672"},"modified":"2023-03-13T10:01:48","modified_gmt":"2023-03-13T16:01:48","slug":"articulo","status":"publish","type":"page","link":"https:\/\/psicologaelfridacaceres.com\/index.php\/articulo\/","title":{"rendered":"Separaciones"},"content":{"rendered":"\t\t<div data-elementor-type=\"wp-page\" data-elementor-id=\"1672\" class=\"elementor elementor-1672\">\n\t\t\t\t\t\t<section class=\"elementor-section elementor-top-section elementor-element elementor-element-6b83b960 elementor-section-height-min-height elementor-section-items-bottom elementor-section-boxed elementor-section-height-default\" data-id=\"6b83b960\" data-element_type=\"section\" data-settings=\"{&quot;background_background&quot;:&quot;classic&quot;}\">\n\t\t\t\t\t\t\t<div class=\"elementor-background-overlay\"><\/div>\n\t\t\t\t\t\t\t<div class=\"elementor-container elementor-column-gap-default\">\n\t\t\t\t\t<div class=\"elementor-column elementor-col-100 elementor-top-column elementor-element elementor-element-3fc98ab4\" data-id=\"3fc98ab4\" data-element_type=\"column\">\n\t\t\t<div class=\"elementor-widget-wrap elementor-element-populated\">\n\t\t\t\t\t\t<div class=\"elementor-element elementor-element-5d81b437 elementor-widget elementor-widget-heading\" data-id=\"5d81b437\" data-element_type=\"widget\" data-widget_type=\"heading.default\">\n\t\t\t\t<div class=\"elementor-widget-container\">\n\t\t\t\t\t<h2 class=\"elementor-heading-title elementor-size-default\"><span style=\"font-weight: 400\">Separaci\u00f3n, espacio para mejorar<\/span><\/h2>\t\t\t\t<\/div>\n\t\t\t\t<\/div>\n\t\t\t\t<div class=\"elementor-element elementor-element-f4ace84 elementor-widget elementor-widget-text-editor\" data-id=\"f4ace84\" data-element_type=\"widget\" data-widget_type=\"text-editor.default\">\n\t\t\t\t<div class=\"elementor-widget-container\">\n\t\t\t\t\t\t\t\t\t<p>Octubre 31, 2002 | El Diario de Hoy | p. 87<\/p>\t\t\t\t\t\t\t\t<\/div>\n\t\t\t\t<\/div>\n\t\t\t\t\t<\/div>\n\t\t<\/div>\n\t\t\t\t\t<\/div>\n\t\t<\/section>\n\t\t\t\t<section class=\"elementor-section elementor-top-section elementor-element elementor-element-8055358 elementor-section-boxed elementor-section-height-default elementor-section-height-default\" data-id=\"8055358\" data-element_type=\"section\">\n\t\t\t\t\t\t<div class=\"elementor-container elementor-column-gap-default\">\n\t\t\t\t\t<div class=\"elementor-column elementor-col-100 elementor-top-column elementor-element elementor-element-43adcb37\" data-id=\"43adcb37\" data-element_type=\"column\">\n\t\t\t<div class=\"elementor-widget-wrap elementor-element-populated\">\n\t\t\t\t\t\t<div class=\"elementor-element elementor-element-1eb7338 elementor-widget elementor-widget-spacer\" data-id=\"1eb7338\" data-element_type=\"widget\" data-widget_type=\"spacer.default\">\n\t\t\t\t<div class=\"elementor-widget-container\">\n\t\t\t\t\t\t\t<div class=\"elementor-spacer\">\n\t\t\t<div class=\"elementor-spacer-inner\"><\/div>\n\t\t<\/div>\n\t\t\t\t\t\t<\/div>\n\t\t\t\t<\/div>\n\t\t\t\t\t<\/div>\n\t\t<\/div>\n\t\t\t\t\t<\/div>\n\t\t<\/section>\n\t\t\t\t<section class=\"elementor-section elementor-top-section elementor-element elementor-element-2193cb5e elementor-section-boxed elementor-section-height-default elementor-section-height-default\" data-id=\"2193cb5e\" data-element_type=\"section\">\n\t\t\t\t\t\t<div class=\"elementor-container elementor-column-gap-default\">\n\t\t\t\t\t<div class=\"elementor-column elementor-col-100 elementor-top-column elementor-element elementor-element-652218f0\" data-id=\"652218f0\" data-element_type=\"column\">\n\t\t\t<div class=\"elementor-widget-wrap elementor-element-populated\">\n\t\t\t\t\t\t<div class=\"elementor-element elementor-element-aaf7b61 elementor-drop-cap-yes elementor-drop-cap-view-default elementor-widget elementor-widget-text-editor\" data-id=\"aaf7b61\" data-element_type=\"widget\" data-settings=\"{&quot;drop_cap&quot;:&quot;yes&quot;}\" data-widget_type=\"text-editor.default\">\n\t\t\t\t<div class=\"elementor-widget-container\">\n\t\t\t\t\t\t\t\t\t<p class=\"p1\">Frecuentemente, se escucha ante los conflictos conyugales que alg\u00fan amigo de la pareja recomienda \u201cdeben separarse\u201d, como m\u00e9todo para resolver los referidos problemas. Sin embargo para la mayor\u00eda de personas, la sola idea de concretar tal sugerencia genera p\u00e1nico. B\u00e1sicamente las personas tienen cuatro consideraciones al respecto. Primero, si deciden por la separaci\u00f3n, su pareja se va a \u201cacostumbrar\u201d a vivir sola. EN segundo lugar, estando separados, es posible que se acabe el poco amor que se tienen. Adem\u00e1s la amenaza de otra persona en la vida de su c\u00f3nyuge es real. Y por ultimo, los hijos van a sufrir demasiado y no van a superar que su padre o madre se vaya de casa.<span class=\"Apple-converted-space\">&nbsp;<\/span><\/p>\n<p class=\"p1\">Por todo esto ,conscientemente se elige vivir una din\u00e1mica disfuncional en el grupo familiar, la cual se caracteriza por ser mas destructiva para todos que la misma separaci\u00f3n. De hecho, se tiene la esperanza de que los malos entendidos se van a aclarar en alg\u00fan momento o que las cosas se van a arreglar por arte de magia y mientras eso sucede, la realidad de ese hogar es otra: gritos, pleitos, llantos, reclamos, insatisfacciones, angustia y, a veces, hasta maltrato f\u00edsico.<\/p>\n<p class=\"p1\">En ese sentido, c\u00f3nyuges e hijos viven una tensi\u00f3n generalizada que no resuelve las causas que ocasionan los problemas. Lo m\u00e1s peligroso de esta negaci\u00f3n es que los hijos son expuestos a sufrimientos profundos confusiones y miedos, sin descartar traumas en d\u00f3nde se instala el rechazo y el resentimiento hacia la figura del matrimonio. Y es que, independientemente de la edad de los hijos, ellos perciben la irregularidad y la interpretan en base a sus fantas\u00edas o posibilidades.<span class=\"Apple-converted-space\">&nbsp;<\/span><\/p>\n<p class=\"p1\"><b>Dialogar<\/b><\/p>\n<p class=\"p1\">No todos los problemas deben ser resueltos con la separaci\u00f3n. Sobre todo, conviene primero que los esposos dialoguen los motivos que los lleva a dicho desgaste. Deben, adem\u00e1s, revisar los conceptos y los valores que cada uno posee acerca del tema que les genera insatisfacci\u00f3n. Conviene adem\u00e1s identificar desde cu\u00e1ndo est\u00e1n separados emocionalmente, en qu\u00e9 momento se perdi\u00f3 la motivaci\u00f3n por un plan de vida en conjunto. Si la pareja est\u00e1 muy confundida para abordar estos puntos, es aconsejable acudir a un experto en el mejor de parejas, para que se constituya en el catalizador del momento.<\/p>\n<p class=\"p1\">Finalmente, no toda separaci\u00f3n termina en divorcio: muchas parejas han \u201credescubierto\u201d el amor y el inter\u00e9s que se merecen. Sumado a ello, la cala reina en los miembros de esa familia permiti\u00e9ndoles meditar en las soluciones a implementar para la mejora de sus vidas.<span class=\"Apple-converted-space\">&nbsp;<\/span><\/p>\n<p class=\"p1\"><b>Para recordar<\/b><\/p>\n<p class=\"p1\">&#8211; Si su matrimonio est\u00e1 pasando por una crisis nunca olvide :<\/p>\n<p class=\"p1\">&#8211; Dialogar con su pareja<\/p>\n<p class=\"p1\">&#8211; No precipitarse en toma de decisiones<\/p>\n<p class=\"p1\">&#8211; No inmiscuir a los hijos en los pleitos conyugales<\/p>\t\t\t\t\t\t\t\t<\/div>\n\t\t\t\t<\/div>\n\t\t\t\t\t<\/div>\n\t\t<\/div>\n\t\t\t\t\t<\/div>\n\t\t<\/section>\n\t\t\t\t<section class=\"elementor-section elementor-top-section elementor-element elementor-element-3df14bc elementor-section-boxed elementor-section-height-default elementor-section-height-default\" data-id=\"3df14bc\" data-element_type=\"section\">\n\t\t\t\t\t\t<div class=\"elementor-container elementor-column-gap-default\">\n\t\t\t\t\t<div class=\"elementor-column elementor-col-100 elementor-top-column elementor-element elementor-element-2d2b73e\" data-id=\"2d2b73e\" data-element_type=\"column\">\n\t\t\t<div class=\"elementor-widget-wrap elementor-element-populated\">\n\t\t\t\t\t\t<div class=\"elementor-element elementor-element-de2a144 elementor-align-right elementor-widget elementor-widget-button\" data-id=\"de2a144\" data-element_type=\"widget\" data-widget_type=\"button.default\">\n\t\t\t\t<div class=\"elementor-widget-container\">\n\t\t\t\t\t\t\t\t\t<div class=\"elementor-button-wrapper\">\n\t\t\t\t\t<a class=\"elementor-button elementor-button-link elementor-size-sm\" href=\"https:\/\/psicologaelfridacaceres.com\/index.php\/distancia-que-duele-i\/\">\n\t\t\t\t\t\t<span class=\"elementor-button-content-wrapper\">\n\t\t\t\t\t\t<span class=\"elementor-button-icon\">\n\t\t\t\t<i aria-hidden=\"true\" class=\"far fa-arrow-alt-circle-right\"><\/i>\t\t\t<\/span>\n\t\t\t\t\t\t\t\t\t<span class=\"elementor-button-text\">Siguiente art\u00edculo<\/span>\n\t\t\t\t\t<\/span>\n\t\t\t\t\t<\/a>\n\t\t\t\t<\/div>\n\t\t\t\t\t\t\t\t<\/div>\n\t\t\t\t<\/div>\n\t\t\t\t\t<\/div>\n\t\t<\/div>\n\t\t\t\t\t<\/div>\n\t\t<\/section>\n\t\t\t\t<section class=\"elementor-section elementor-top-section elementor-element elementor-element-3129ae51 elementor-section-boxed elementor-section-height-default elementor-section-height-default\" data-id=\"3129ae51\" data-element_type=\"section\" data-settings=\"{&quot;background_background&quot;:&quot;classic&quot;}\">\n\t\t\t\t\t\t\t<div class=\"elementor-background-overlay\"><\/div>\n\t\t\t\t\t\t\t<div class=\"elementor-container elementor-column-gap-default\">\n\t\t\t\t\t<div class=\"elementor-column elementor-col-33 elementor-top-column elementor-element elementor-element-7bd3238a\" data-id=\"7bd3238a\" data-element_type=\"column\">\n\t\t\t<div class=\"elementor-widget-wrap elementor-element-populated\">\n\t\t\t\t\t\t<div class=\"elementor-element elementor-element-3efe888f elementor-widget elementor-widget-counter\" data-id=\"3efe888f\" data-element_type=\"widget\" data-widget_type=\"counter.default\">\n\t\t\t\t<div class=\"elementor-widget-container\">\n\t\t\t\t\t\t\t<div class=\"elementor-counter\">\n\t\t\t<div class=\"elementor-counter-title\">A\u00f1os de experiencia<\/div>\t\t\t<div class=\"elementor-counter-number-wrapper\">\n\t\t\t\t<span class=\"elementor-counter-number-prefix\"><\/span>\n\t\t\t\t<span class=\"elementor-counter-number\" data-duration=\"3000\" data-to-value=\"30\" data-from-value=\"0\" data-delimiter=\",\">0<\/span>\n\t\t\t\t<span class=\"elementor-counter-number-suffix\">+<\/span>\n\t\t\t<\/div>\n\t\t<\/div>\n\t\t\t\t\t\t<\/div>\n\t\t\t\t<\/div>\n\t\t\t\t\t<\/div>\n\t\t<\/div>\n\t\t\t\t<div class=\"elementor-column elementor-col-33 elementor-top-column elementor-element elementor-element-7f000e45\" data-id=\"7f000e45\" data-element_type=\"column\">\n\t\t\t<div class=\"elementor-widget-wrap elementor-element-populated\">\n\t\t\t\t\t\t<div class=\"elementor-element elementor-element-7dc770eb elementor-widget elementor-widget-counter\" data-id=\"7dc770eb\" data-element_type=\"widget\" data-widget_type=\"counter.default\">\n\t\t\t\t<div class=\"elementor-widget-container\">\n\t\t\t\t\t\t\t<div class=\"elementor-counter\">\n\t\t\t<div class=\"elementor-counter-title\">Pacientes de alta<\/div>\t\t\t<div class=\"elementor-counter-number-wrapper\">\n\t\t\t\t<span class=\"elementor-counter-number-prefix\"><\/span>\n\t\t\t\t<span class=\"elementor-counter-number\" data-duration=\"2000\" data-to-value=\"1000\" data-from-value=\"0\" data-delimiter=\",\">0<\/span>\n\t\t\t\t<span class=\"elementor-counter-number-suffix\">+<\/span>\n\t\t\t<\/div>\n\t\t<\/div>\n\t\t\t\t\t\t<\/div>\n\t\t\t\t<\/div>\n\t\t\t\t\t<\/div>\n\t\t<\/div>\n\t\t\t\t<div class=\"elementor-column elementor-col-33 elementor-top-column elementor-element elementor-element-1784e2d4\" data-id=\"1784e2d4\" data-element_type=\"column\">\n\t\t\t<div class=\"elementor-widget-wrap elementor-element-populated\">\n\t\t\t\t\t\t<div class=\"elementor-element elementor-element-554964c5 elementor-widget elementor-widget-heading\" data-id=\"554964c5\" data-element_type=\"widget\" data-widget_type=\"heading.default\">\n\t\t\t\t<div class=\"elementor-widget-container\">\n\t\t\t\t\t<h2 class=\"elementor-heading-title elementor-size-default\">Agenda tu cita<\/h2>\t\t\t\t<\/div>\n\t\t\t\t<\/div>\n\t\t\t\t<div class=\"elementor-element elementor-element-689791d3 elementor-widget elementor-widget-text-editor\" data-id=\"689791d3\" data-element_type=\"widget\" data-widget_type=\"text-editor.default\">\n\t\t\t\t<div class=\"elementor-widget-container\">\n\t\t\t\t\t\t\t\t\t<p>Puedes agendar tu consulta en l\u00ednea. Un correo de confirmaci\u00f3n ser\u00e1 enviado a tu email registrado\u00a0<\/p>\t\t\t\t\t\t\t\t<\/div>\n\t\t\t\t<\/div>\n\t\t\t\t<div class=\"elementor-element elementor-element-21affaa5 elementor-mobile-align-justify elementor-align-center elementor-widget elementor-widget-button\" data-id=\"21affaa5\" data-element_type=\"widget\" data-widget_type=\"button.default\">\n\t\t\t\t<div class=\"elementor-widget-container\">\n\t\t\t\t\t\t\t\t\t<div class=\"elementor-button-wrapper\">\n\t\t\t\t\t<a class=\"elementor-button elementor-button-link elementor-size-sm\" href=\"#\">\n\t\t\t\t\t\t<span class=\"elementor-button-content-wrapper\">\n\t\t\t\t\t\t\t\t\t<span class=\"elementor-button-text\">Haz tu cita<\/span>\n\t\t\t\t\t<\/span>\n\t\t\t\t\t<\/a>\n\t\t\t\t<\/div>\n\t\t\t\t\t\t\t\t<\/div>\n\t\t\t\t<\/div>\n\t\t\t\t\t<\/div>\n\t\t<\/div>\n\t\t\t\t\t<\/div>\n\t\t<\/section>\n\t\t\t\t<\/div>\n\t\t","protected":false},"excerpt":{"rendered":"<p>Separaci\u00f3n, espacio para mejorar Octubre 31, 2002 | El Diario de Hoy | p. 87 Frecuentemente, se escucha ante los conflictos conyugales que alg\u00fan amigo de la pareja recomienda \u201cdeben separarse\u201d, como m\u00e9todo para resolver los referidos problemas. Sin embargo para la mayor\u00eda de personas, la sola idea de concretar tal sugerencia genera p\u00e1nico. B\u00e1sicamente&#8230;<\/p>\n","protected":false},"author":1,"featured_media":0,"parent":0,"menu_order":0,"comment_status":"closed","ping_status":"closed","template":"elementor_header_footer","meta":{"_kadence_starter_templates_imported_post":false,"_kad_post_transparent":"","_kad_post_title":"hide","_kad_post_layout":"fullwidth","_kad_post_sidebar_id":"","_kad_post_content_style":"unboxed","_kad_post_vertical_padding":"hide","_kad_post_feature":"hide","_kad_post_feature_position":"","_kad_post_header":false,"_kad_post_footer":false,"_joinchat":[],"footnotes":""},"class_list":["post-1672","page","type-page","status-publish","hentry"],"yoast_head":"<!-- This site is optimized with the Yoast SEO plugin v25.3 - https:\/\/yoast.com\/wordpress\/plugins\/seo\/ -->\n<title>Separaciones - Psic\u00f3loga Elfrida Caceres<\/title>\n<meta name=\"robots\" content=\"index, follow, max-snippet:-1, max-image-preview:large, max-video-preview:-1\" \/>\n<link rel=\"canonical\" href=\"https:\/\/psicologaelfridacaceres.com\/index.php\/articulo\/\" \/>\n<meta property=\"og:locale\" content=\"es_ES\" \/>\n<meta property=\"og:type\" content=\"article\" \/>\n<meta property=\"og:title\" content=\"Separaciones - Psic\u00f3loga Elfrida Caceres\" \/>\n<meta property=\"og:description\" content=\"Separaci\u00f3n, espacio para mejorar Octubre 31, 2002 | El Diario de Hoy | p. 87 Frecuentemente, se escucha ante los conflictos conyugales que alg\u00fan amigo de la pareja recomienda \u201cdeben separarse\u201d, como m\u00e9todo para resolver los referidos problemas. Sin embargo para la mayor\u00eda de personas, la sola idea de concretar tal sugerencia genera p\u00e1nico. B\u00e1sicamente...\" \/>\n<meta property=\"og:url\" content=\"https:\/\/psicologaelfridacaceres.com\/index.php\/articulo\/\" \/>\n<meta property=\"og:site_name\" content=\"Psic\u00f3loga Elfrida Caceres\" \/>\n<meta property=\"article:modified_time\" content=\"2023-03-13T16:01:48+00:00\" \/>\n<meta property=\"og:image\" content=\"https:\/\/psicologaelfridacaceres.com\/wp-content\/uploads\/2023\/03\/cropped-CACERES-1.png\" \/>\n\t<meta property=\"og:image:width\" content=\"512\" \/>\n\t<meta property=\"og:image:height\" content=\"512\" \/>\n\t<meta property=\"og:image:type\" content=\"image\/png\" \/>\n<meta name=\"twitter:card\" content=\"summary_large_image\" \/>\n<meta name=\"twitter:label1\" content=\"Tiempo de lectura\" \/>\n\t<meta name=\"twitter:data1\" content=\"3 minutos\" \/>\n<script type=\"application\/ld+json\" class=\"yoast-schema-graph\">{\"@context\":\"https:\/\/schema.org\",\"@graph\":[{\"@type\":\"WebPage\",\"@id\":\"https:\/\/psicologaelfridacaceres.com\/index.php\/articulo\/\",\"url\":\"https:\/\/psicologaelfridacaceres.com\/index.php\/articulo\/\",\"name\":\"Separaciones - Psic\u00f3loga Elfrida Caceres\",\"isPartOf\":{\"@id\":\"https:\/\/psicologaelfridacaceres.com\/#website\"},\"datePublished\":\"2023-03-07T20:15:02+00:00\",\"dateModified\":\"2023-03-13T16:01:48+00:00\",\"breadcrumb\":{\"@id\":\"https:\/\/psicologaelfridacaceres.com\/index.php\/articulo\/#breadcrumb\"},\"inLanguage\":\"es\",\"potentialAction\":[{\"@type\":\"ReadAction\",\"target\":[\"https:\/\/psicologaelfridacaceres.com\/index.php\/articulo\/\"]}]},{\"@type\":\"BreadcrumbList\",\"@id\":\"https:\/\/psicologaelfridacaceres.com\/index.php\/articulo\/#breadcrumb\",\"itemListElement\":[{\"@type\":\"ListItem\",\"position\":1,\"name\":\"Portada\",\"item\":\"https:\/\/psicologaelfridacaceres.com\/\"},{\"@type\":\"ListItem\",\"position\":2,\"name\":\"Separaciones\"}]},{\"@type\":\"WebSite\",\"@id\":\"https:\/\/psicologaelfridacaceres.com\/#website\",\"url\":\"https:\/\/psicologaelfridacaceres.com\/\",\"name\":\"Psic\u00f3loga Elfrida Caceres\",\"description\":\"Psic\u00f3loga especialista con m\u00e1s de 30 a\u00f1os de experiencia en Consejer\u00eda Cl\u00ednica en El Salvador\",\"publisher\":{\"@id\":\"https:\/\/psicologaelfridacaceres.com\/#\/schema\/person\/592fc7a28331bfee12d96f8f1e4e2824\"},\"potentialAction\":[{\"@type\":\"SearchAction\",\"target\":{\"@type\":\"EntryPoint\",\"urlTemplate\":\"https:\/\/psicologaelfridacaceres.com\/?s={search_term_string}\"},\"query-input\":{\"@type\":\"PropertyValueSpecification\",\"valueRequired\":true,\"valueName\":\"search_term_string\"}}],\"inLanguage\":\"es\"},{\"@type\":[\"Person\",\"Organization\"],\"@id\":\"https:\/\/psicologaelfridacaceres.com\/#\/schema\/person\/592fc7a28331bfee12d96f8f1e4e2824\",\"name\":\"elfrida.mpc@gmail.com\",\"image\":{\"@type\":\"ImageObject\",\"inLanguage\":\"es\",\"@id\":\"https:\/\/psicologaelfridacaceres.com\/#\/schema\/person\/image\/\",\"url\":\"http:\/\/psicologaelfridacaceres.com\/wp-content\/uploads\/2023\/03\/cropped-CACERES-1.png\",\"contentUrl\":\"http:\/\/psicologaelfridacaceres.com\/wp-content\/uploads\/2023\/03\/cropped-CACERES-1.png\",\"width\":512,\"height\":512,\"caption\":\"elfrida.mpc@gmail.com\"},\"logo\":{\"@id\":\"https:\/\/psicologaelfridacaceres.com\/#\/schema\/person\/image\/\"},\"sameAs\":[\"http:\/\/psicologaelfridacaceres.com\"]}]}<\/script>\n<!-- \/ Yoast SEO plugin. -->","yoast_head_json":{"title":"Separaciones - Psic\u00f3loga Elfrida Caceres","robots":{"index":"index","follow":"follow","max-snippet":"max-snippet:-1","max-image-preview":"max-image-preview:large","max-video-preview":"max-video-preview:-1"},"canonical":"https:\/\/psicologaelfridacaceres.com\/index.php\/articulo\/","og_locale":"es_ES","og_type":"article","og_title":"Separaciones - Psic\u00f3loga Elfrida Caceres","og_description":"Separaci\u00f3n, espacio para mejorar Octubre 31, 2002 | El Diario de Hoy | p. 87 Frecuentemente, se escucha ante los conflictos conyugales que alg\u00fan amigo de la pareja recomienda \u201cdeben separarse\u201d, como m\u00e9todo para resolver los referidos problemas. Sin embargo para la mayor\u00eda de personas, la sola idea de concretar tal sugerencia genera p\u00e1nico. B\u00e1sicamente...","og_url":"https:\/\/psicologaelfridacaceres.com\/index.php\/articulo\/","og_site_name":"Psic\u00f3loga Elfrida Caceres","article_modified_time":"2023-03-13T16:01:48+00:00","og_image":[{"width":512,"height":512,"url":"https:\/\/psicologaelfridacaceres.com\/wp-content\/uploads\/2023\/03\/cropped-CACERES-1.png","type":"image\/png"}],"twitter_card":"summary_large_image","twitter_misc":{"Tiempo de lectura":"3 minutos"},"schema":{"@context":"https:\/\/schema.org","@graph":[{"@type":"WebPage","@id":"https:\/\/psicologaelfridacaceres.com\/index.php\/articulo\/","url":"https:\/\/psicologaelfridacaceres.com\/index.php\/articulo\/","name":"Separaciones - Psic\u00f3loga Elfrida Caceres","isPartOf":{"@id":"https:\/\/psicologaelfridacaceres.com\/#website"},"datePublished":"2023-03-07T20:15:02+00:00","dateModified":"2023-03-13T16:01:48+00:00","breadcrumb":{"@id":"https:\/\/psicologaelfridacaceres.com\/index.php\/articulo\/#breadcrumb"},"inLanguage":"es","potentialAction":[{"@type":"ReadAction","target":["https:\/\/psicologaelfridacaceres.com\/index.php\/articulo\/"]}]},{"@type":"BreadcrumbList","@id":"https:\/\/psicologaelfridacaceres.com\/index.php\/articulo\/#breadcrumb","itemListElement":[{"@type":"ListItem","position":1,"name":"Portada","item":"https:\/\/psicologaelfridacaceres.com\/"},{"@type":"ListItem","position":2,"name":"Separaciones"}]},{"@type":"WebSite","@id":"https:\/\/psicologaelfridacaceres.com\/#website","url":"https:\/\/psicologaelfridacaceres.com\/","name":"Psic\u00f3loga Elfrida Caceres","description":"Psic\u00f3loga especialista con m\u00e1s de 30 a\u00f1os de experiencia en Consejer\u00eda Cl\u00ednica en El Salvador","publisher":{"@id":"https:\/\/psicologaelfridacaceres.com\/#\/schema\/person\/592fc7a28331bfee12d96f8f1e4e2824"},"potentialAction":[{"@type":"SearchAction","target":{"@type":"EntryPoint","urlTemplate":"https:\/\/psicologaelfridacaceres.com\/?s={search_term_string}"},"query-input":{"@type":"PropertyValueSpecification","valueRequired":true,"valueName":"search_term_string"}}],"inLanguage":"es"},{"@type":["Person","Organization"],"@id":"https:\/\/psicologaelfridacaceres.com\/#\/schema\/person\/592fc7a28331bfee12d96f8f1e4e2824","name":"elfrida.mpc@gmail.com","image":{"@type":"ImageObject","inLanguage":"es","@id":"https:\/\/psicologaelfridacaceres.com\/#\/schema\/person\/image\/","url":"http:\/\/psicologaelfridacaceres.com\/wp-content\/uploads\/2023\/03\/cropped-CACERES-1.png","contentUrl":"http:\/\/psicologaelfridacaceres.com\/wp-content\/uploads\/2023\/03\/cropped-CACERES-1.png","width":512,"height":512,"caption":"elfrida.mpc@gmail.com"},"logo":{"@id":"https:\/\/psicologaelfridacaceres.com\/#\/schema\/person\/image\/"},"sameAs":["http:\/\/psicologaelfridacaceres.com"]}]}},"_links":{"self":[{"href":"https:\/\/psicologaelfridacaceres.com\/index.php\/wp-json\/wp\/v2\/pages\/1672","targetHints":{"allow":["GET"]}}],"collection":[{"href":"https:\/\/psicologaelfridacaceres.com\/index.php\/wp-json\/wp\/v2\/pages"}],"about":[{"href":"https:\/\/psicologaelfridacaceres.com\/index.php\/wp-json\/wp\/v2\/types\/page"}],"author":[{"embeddable":true,"href":"https:\/\/psicologaelfridacaceres.com\/index.php\/wp-json\/wp\/v2\/users\/1"}],"replies":[{"embeddable":true,"href":"https:\/\/psicologaelfridacaceres.com\/index.php\/wp-json\/wp\/v2\/comments?post=1672"}],"version-history":[{"count":55,"href":"https:\/\/psicologaelfridacaceres.com\/index.php\/wp-json\/wp\/v2\/pages\/1672\/revisions"}],"predecessor-version":[{"id":2202,"href":"https:\/\/psicologaelfridacaceres.com\/index.php\/wp-json\/wp\/v2\/pages\/1672\/revisions\/2202"}],"wp:attachment":[{"href":"https:\/\/psicologaelfridacaceres.com\/index.php\/wp-json\/wp\/v2\/media?parent=1672"}],"curies":[{"name":"wp","href":"https:\/\/api.w.org\/{rel}","templated":true}]}}